{"id":21789,"date":"2024-06-26T17:09:28","date_gmt":"2024-06-26T15:09:28","guid":{"rendered":"https:\/\/emaginetours.tourismmarketing.agency\/?page_id=21789"},"modified":"2024-11-06T08:27:14","modified_gmt":"2024-11-06T08:27:14","slug":"berles","status":"publish","type":"page","link":"https:\/\/emaginetours.com\/hu\/berles\/","title":{"rendered":"B\u00e9rl\u00e9s"},"content":{"rendered":"","protected":false},"excerpt":{"rendered":"","protected":false},"author":1,"featured_media":22702,"parent":0,"menu_order":0,"comment_status":"closed","ping_status":"closed","template":"","meta":{"inline_featured_image":false,"footnotes":""},"class_list":["post-21789","page","type-page","status-publish","has-post-thumbnail","hentry"],"yoast_head":"<!-- This site is optimized with the Yoast SEO plugin v27.2 - https:\/\/yoast.com\/product\/yoast-seo-wordpress\/ -->\n<title>E-bike \u00e9s E-scooter b\u00e9rl\u00e9s Budapesten | E-Magine Rides<\/title>\n<meta name=\"description\" content=\"Fedezd fel Budapestet az E-Magine e-bike \u00e9s e-scooter b\u00e9rl\u00e9s\u00e9vel. Gyorsan \u00e9s egyszer\u0171en felfedezheted a v\u00e1rost k\u00e9t ker\u00e9ken. Tudj meg t\u00f6bbet!\" \/>\n<meta name=\"robots\" content=\"index, follow, max-snippet:-1, max-image-preview:large, max-video-preview:-1\" \/>\n<link rel=\"canonical\" href=\"https:\/\/emaginetours.com\/hu\/berles\/\" \/>\n<meta property=\"og:locale\" content=\"hu_HU\" \/>\n<meta property=\"og:type\" content=\"article\" \/>\n<meta property=\"og:title\" content=\"E-bike \u00e9s E-scooter b\u00e9rl\u00e9s Budapesten | E-Magine Rides\" \/>\n<meta property=\"og:description\" content=\"Fedezd fel Budapestet az E-Magine e-bike \u00e9s e-scooter b\u00e9rl\u00e9s\u00e9vel. Gyorsan \u00e9s egyszer\u0171en felfedezheted a v\u00e1rost k\u00e9t ker\u00e9ken. Tudj meg t\u00f6bbet!\" \/>\n<meta property=\"og:url\" content=\"https:\/\/emaginetours.com\/hu\/berles\/\" \/>\n<meta property=\"og:site_name\" content=\"Emagine Rides Budapest\" \/>\n<meta property=\"article:publisher\" content=\"https:\/\/www.facebook.com\/emaginetours\/\" \/>\n<meta property=\"article:modified_time\" content=\"2024-11-06T08:27:14+00:00\" \/>\n<meta property=\"og:image\" content=\"https:\/\/emaginetours.com\/wp-content\/uploads\/2024\/06\/margaret-island-escooters-blog.jpg\" \/>\n\t<meta property=\"og:image:width\" content=\"1920\" \/>\n\t<meta property=\"og:image:height\" content=\"1080\" \/>\n\t<meta property=\"og:image:type\" content=\"image\/jpeg\" \/>\n<meta name=\"twitter:card\" content=\"summary_large_image\" \/>\n<meta name=\"twitter:label1\" content=\"Becs\u00fclt olvas\u00e1si id\u0151\" \/>\n\t<meta name=\"twitter:data1\" content=\"2 perc\" \/>\n<script type=\"application\/ld+json\" class=\"yoast-schema-graph\">{\"@context\":\"https:\/\/schema.org\",\"@graph\":[{\"@type\":\"WebPage\",\"@id\":\"https:\/\/emaginetours.com\/hu\/berles\/\",\"url\":\"https:\/\/emaginetours.com\/hu\/berles\/\",\"name\":\"E-bike \u00e9s E-scooter b\u00e9rl\u00e9s Budapesten | E-Magine Rides\",\"isPartOf\":{\"@id\":\"https:\/\/emaginetours.com\/#website\"},\"primaryImageOfPage\":{\"@id\":\"https:\/\/emaginetours.com\/hu\/berles\/#primaryimage\"},\"image\":{\"@id\":\"https:\/\/emaginetours.com\/hu\/berles\/#primaryimage\"},\"thumbnailUrl\":\"https:\/\/emaginetours.com\/wp-content\/uploads\/2024\/05\/emagine-fall-2024-12.jpg\",\"datePublished\":\"2024-06-26T15:09:28+00:00\",\"dateModified\":\"2024-11-06T08:27:14+00:00\",\"description\":\"Fedezd fel Budapestet az E-Magine e-bike \u00e9s e-scooter b\u00e9rl\u00e9s\u00e9vel. Gyorsan \u00e9s egyszer\u0171en felfedezheted a v\u00e1rost k\u00e9t ker\u00e9ken. Tudj meg t\u00f6bbet!\",\"breadcrumb\":{\"@id\":\"https:\/\/emaginetours.com\/hu\/berles\/#breadcrumb\"},\"inLanguage\":\"hu\",\"potentialAction\":[{\"@type\":\"ReadAction\",\"target\":[\"https:\/\/emaginetours.com\/hu\/berles\/\"]}]},{\"@type\":\"ImageObject\",\"inLanguage\":\"hu\",\"@id\":\"https:\/\/emaginetours.com\/hu\/berles\/#primaryimage\",\"url\":\"https:\/\/emaginetours.com\/wp-content\/uploads\/2024\/05\/emagine-fall-2024-12.jpg\",\"contentUrl\":\"https:\/\/emaginetours.com\/wp-content\/uploads\/2024\/05\/emagine-fall-2024-12.jpg\",\"width\":1920,\"height\":1080,\"caption\":\"\u00d6t ember sz\u00ednes robog\u00f3kon p\u00f3zol egy\u00fctt egy lehullott \u0151szi falevelekkel teli parkban az All-in Budapest v\u00e1rosn\u00e9z\u0151 t\u00fara sor\u00e1n. A h\u00e1tt\u00e9rben l\u00e9v\u0151 f\u00e1k \u00e9l\u00e9nk s\u00e1rga \u00e9s narancss\u00e1rga lombozatot mutatnak be a tiszta k\u00e9k \u00e9g alatt.\"},{\"@type\":\"BreadcrumbList\",\"@id\":\"https:\/\/emaginetours.com\/hu\/berles\/#breadcrumb\",\"itemListElement\":[{\"@type\":\"ListItem\",\"position\":1,\"name\":\"Home\",\"item\":\"https:\/\/emaginetours.com\/hu\/\"},{\"@type\":\"ListItem\",\"position\":2,\"name\":\"B\u00e9rl\u00e9s\"}]},{\"@type\":\"WebSite\",\"@id\":\"https:\/\/emaginetours.com\/#website\",\"url\":\"https:\/\/emaginetours.com\/\",\"name\":\"Emagine Tours\",\"description\":\"E-Scooter &amp; E-Bike Tours and Rentals in Budapest\",\"publisher\":{\"@id\":\"https:\/\/emaginetours.com\/#organization\"},\"potentialAction\":[{\"@type\":\"SearchAction\",\"target\":{\"@type\":\"EntryPoint\",\"urlTemplate\":\"https:\/\/emaginetours.com\/?s={search_term_string}\"},\"query-input\":{\"@type\":\"PropertyValueSpecification\",\"valueRequired\":true,\"valueName\":\"search_term_string\"}}],\"inLanguage\":\"hu\"},{\"@type\":\"Organization\",\"@id\":\"https:\/\/emaginetours.com\/#organization\",\"name\":\"Emagine Tours\",\"url\":\"https:\/\/emaginetours.com\/\",\"logo\":{\"@type\":\"ImageObject\",\"inLanguage\":\"hu\",\"@id\":\"https:\/\/emaginetours.com\/#\/schema\/logo\/image\/\",\"url\":\"https:\/\/emaginetours.com\/wp-content\/uploads\/2024\/06\/emagine_logo_rides_horizontal.png\",\"contentUrl\":\"https:\/\/emaginetours.com\/wp-content\/uploads\/2024\/06\/emagine_logo_rides_horizontal.png\",\"width\":4096,\"height\":819,\"caption\":\"Emagine Tours\"},\"image\":{\"@id\":\"https:\/\/emaginetours.com\/#\/schema\/logo\/image\/\"},\"sameAs\":[\"https:\/\/www.facebook.com\/emaginetours\/\",\"https:\/\/www.tiktok.com\/@emagineridesbp\",\"https:\/\/instagram.com\/emaginerides\"]}]}<\/script>\n<!-- \/ Yoast SEO plugin. -->","yoast_head_json":{"title":"E-bike \u00e9s E-scooter b\u00e9rl\u00e9s Budapesten | E-Magine Rides","description":"Fedezd fel Budapestet az E-Magine e-bike \u00e9s e-scooter b\u00e9rl\u00e9s\u00e9vel. Gyorsan \u00e9s egyszer\u0171en felfedezheted a v\u00e1rost k\u00e9t ker\u00e9ken. Tudj meg t\u00f6bbet!","robots":{"index":"index","follow":"follow","max-snippet":"max-snippet:-1","max-image-preview":"max-image-preview:large","max-video-preview":"max-video-preview:-1"},"canonical":"https:\/\/emaginetours.com\/hu\/berles\/","og_locale":"hu_HU","og_type":"article","og_title":"E-bike \u00e9s E-scooter b\u00e9rl\u00e9s Budapesten | E-Magine Rides","og_description":"Fedezd fel Budapestet az E-Magine e-bike \u00e9s e-scooter b\u00e9rl\u00e9s\u00e9vel. Gyorsan \u00e9s egyszer\u0171en felfedezheted a v\u00e1rost k\u00e9t ker\u00e9ken. Tudj meg t\u00f6bbet!","og_url":"https:\/\/emaginetours.com\/hu\/berles\/","og_site_name":"Emagine Rides Budapest","article_publisher":"https:\/\/www.facebook.com\/emaginetours\/","article_modified_time":"2024-11-06T08:27:14+00:00","og_image":[{"width":1920,"height":1080,"url":"https:\/\/emaginetours.com\/wp-content\/uploads\/2024\/06\/margaret-island-escooters-blog.jpg","type":"image\/jpeg"}],"twitter_card":"summary_large_image","twitter_misc":{"Becs\u00fclt olvas\u00e1si id\u0151":"2 perc"},"schema":{"@context":"https:\/\/schema.org","@graph":[{"@type":"WebPage","@id":"https:\/\/emaginetours.com\/hu\/berles\/","url":"https:\/\/emaginetours.com\/hu\/berles\/","name":"E-bike \u00e9s E-scooter b\u00e9rl\u00e9s Budapesten | E-Magine Rides","isPartOf":{"@id":"https:\/\/emaginetours.com\/#website"},"primaryImageOfPage":{"@id":"https:\/\/emaginetours.com\/hu\/berles\/#primaryimage"},"image":{"@id":"https:\/\/emaginetours.com\/hu\/berles\/#primaryimage"},"thumbnailUrl":"https:\/\/emaginetours.com\/wp-content\/uploads\/2024\/05\/emagine-fall-2024-12.jpg","datePublished":"2024-06-26T15:09:28+00:00","dateModified":"2024-11-06T08:27:14+00:00","description":"Fedezd fel Budapestet az E-Magine e-bike \u00e9s e-scooter b\u00e9rl\u00e9s\u00e9vel. Gyorsan \u00e9s egyszer\u0171en felfedezheted a v\u00e1rost k\u00e9t ker\u00e9ken. Tudj meg t\u00f6bbet!","breadcrumb":{"@id":"https:\/\/emaginetours.com\/hu\/berles\/#breadcrumb"},"inLanguage":"hu","potentialAction":[{"@type":"ReadAction","target":["https:\/\/emaginetours.com\/hu\/berles\/"]}]},{"@type":"ImageObject","inLanguage":"hu","@id":"https:\/\/emaginetours.com\/hu\/berles\/#primaryimage","url":"https:\/\/emaginetours.com\/wp-content\/uploads\/2024\/05\/emagine-fall-2024-12.jpg","contentUrl":"https:\/\/emaginetours.com\/wp-content\/uploads\/2024\/05\/emagine-fall-2024-12.jpg","width":1920,"height":1080,"caption":"\u00d6t ember sz\u00ednes robog\u00f3kon p\u00f3zol egy\u00fctt egy lehullott \u0151szi falevelekkel teli parkban az All-in Budapest v\u00e1rosn\u00e9z\u0151 t\u00fara sor\u00e1n. A h\u00e1tt\u00e9rben l\u00e9v\u0151 f\u00e1k \u00e9l\u00e9nk s\u00e1rga \u00e9s narancss\u00e1rga lombozatot mutatnak be a tiszta k\u00e9k \u00e9g alatt."},{"@type":"BreadcrumbList","@id":"https:\/\/emaginetours.com\/hu\/berles\/#breadcrumb","itemListElement":[{"@type":"ListItem","position":1,"name":"Home","item":"https:\/\/emaginetours.com\/hu\/"},{"@type":"ListItem","position":2,"name":"B\u00e9rl\u00e9s"}]},{"@type":"WebSite","@id":"https:\/\/emaginetours.com\/#website","url":"https:\/\/emaginetours.com\/","name":"Emagine Tours","description":"E-Scooter &amp; E-Bike Tours and Rentals in Budapest","publisher":{"@id":"https:\/\/emaginetours.com\/#organization"},"potentialAction":[{"@type":"SearchAction","target":{"@type":"EntryPoint","urlTemplate":"https:\/\/emaginetours.com\/?s={search_term_string}"},"query-input":{"@type":"PropertyValueSpecification","valueRequired":true,"valueName":"search_term_string"}}],"inLanguage":"hu"},{"@type":"Organization","@id":"https:\/\/emaginetours.com\/#organization","name":"Emagine Tours","url":"https:\/\/emaginetours.com\/","logo":{"@type":"ImageObject","inLanguage":"hu","@id":"https:\/\/emaginetours.com\/#\/schema\/logo\/image\/","url":"https:\/\/emaginetours.com\/wp-content\/uploads\/2024\/06\/emagine_logo_rides_horizontal.png","contentUrl":"https:\/\/emaginetours.com\/wp-content\/uploads\/2024\/06\/emagine_logo_rides_horizontal.png","width":4096,"height":819,"caption":"Emagine Tours"},"image":{"@id":"https:\/\/emaginetours.com\/#\/schema\/logo\/image\/"},"sameAs":["https:\/\/www.facebook.com\/emaginetours\/","https:\/\/www.tiktok.com\/@emagineridesbp","https:\/\/instagram.com\/emaginerides"]}]}},"_links":{"self":[{"href":"https:\/\/emaginetours.com\/hu\/wp-json\/wp\/v2\/pages\/21789","targetHints":{"allow":["GET"]}}],"collection":[{"href":"https:\/\/emaginetours.com\/hu\/wp-json\/wp\/v2\/pages"}],"about":[{"href":"https:\/\/emaginetours.com\/hu\/wp-json\/wp\/v2\/types\/page"}],"author":[{"embeddable":true,"href":"https:\/\/emaginetours.com\/hu\/wp-json\/wp\/v2\/users\/1"}],"replies":[{"embeddable":true,"href":"https:\/\/emaginetours.com\/hu\/wp-json\/wp\/v2\/comments?post=21789"}],"version-history":[{"count":5,"href":"https:\/\/emaginetours.com\/hu\/wp-json\/wp\/v2\/pages\/21789\/revisions"}],"predecessor-version":[{"id":22625,"href":"https:\/\/emaginetours.com\/hu\/wp-json\/wp\/v2\/pages\/21789\/revisions\/22625"}],"wp:featuredmedia":[{"embeddable":true,"href":"https:\/\/emaginetours.com\/hu\/wp-json\/wp\/v2\/media\/22702"}],"wp:attachment":[{"href":"https:\/\/emaginetours.com\/hu\/wp-json\/wp\/v2\/media?parent=21789"}],"curies":[{"name":"wp","href":"https:\/\/api.w.org\/{rel}","templated":true}]}}