{"id":21456,"date":"2024-05-17T10:30:41","date_gmt":"2024-05-17T09:30:41","guid":{"rendered":"https:\/\/emaginetours.tourismmarketing.agency\/berles\/"},"modified":"2024-09-16T09:10:38","modified_gmt":"2024-09-16T08:10:38","slug":"e-scooter-berles","status":"publish","type":"page","link":"https:\/\/emaginetours.com\/hu\/e-scooter-berles\/","title":{"rendered":"Monsteroller e-scooter b\u00e9rl\u00e9s"},"content":{"rendered":"","protected":false},"excerpt":{"rendered":"","protected":false},"author":1,"featured_media":21144,"parent":0,"menu_order":0,"comment_status":"closed","ping_status":"closed","template":"","meta":{"inline_featured_image":false,"footnotes":""},"class_list":["post-21456","page","type-page","status-publish","has-post-thumbnail","hentry"],"yoast_head":"<!-- This site is optimized with the Yoast SEO plugin v27.2 - https:\/\/yoast.com\/product\/yoast-seo-wordpress\/ -->\n<title>E-scooter b\u00e9rl\u00e9s Budapesten | E-Magine Rides<\/title>\n<meta name=\"description\" content=\"Az E-Magine budapesti e-roller b\u00e9rl\u00e9s\u00e9vel szabadon felfedezheted v\u00e1rosunkat saj\u00e1t sz\u00e1j\u00edzed szerint. Tudj meg t\u00f6bbet a MonsteRoller e-scooter b\u00e9rl\u00e9sr\u0151l!\" \/>\n<meta name=\"robots\" content=\"index, follow, max-snippet:-1, max-image-preview:large, max-video-preview:-1\" \/>\n<link rel=\"canonical\" href=\"https:\/\/emaginetours.com\/hu\/e-scooter-berles\/\" \/>\n<meta property=\"og:locale\" content=\"hu_HU\" \/>\n<meta property=\"og:type\" content=\"article\" \/>\n<meta property=\"og:title\" content=\"E-scooter b\u00e9rl\u00e9s Budapesten | E-Magine Rides\" \/>\n<meta property=\"og:description\" content=\"Az E-Magine budapesti e-roller b\u00e9rl\u00e9s\u00e9vel szabadon felfedezheted v\u00e1rosunkat saj\u00e1t sz\u00e1j\u00edzed szerint. Tudj meg t\u00f6bbet a MonsteRoller e-scooter b\u00e9rl\u00e9sr\u0151l!\" \/>\n<meta property=\"og:url\" content=\"https:\/\/emaginetours.com\/hu\/e-scooter-berles\/\" \/>\n<meta property=\"og:site_name\" content=\"Emagine Rides Budapest\" \/>\n<meta property=\"article:publisher\" content=\"https:\/\/www.facebook.com\/emaginetours\/\" \/>\n<meta property=\"article:modified_time\" content=\"2024-09-16T08:10:38+00:00\" \/>\n<meta property=\"og:image\" content=\"https:\/\/emaginetours.com\/wp-content\/uploads\/2024\/04\/budapest-private-tour-16.jpeg\" \/>\n\t<meta property=\"og:image:width\" content=\"1920\" \/>\n\t<meta property=\"og:image:height\" content=\"1080\" \/>\n\t<meta property=\"og:image:type\" content=\"image\/jpeg\" \/>\n<meta name=\"twitter:card\" content=\"summary_large_image\" \/>\n<meta name=\"twitter:label1\" content=\"Becs\u00fclt olvas\u00e1si id\u0151\" \/>\n\t<meta name=\"twitter:data1\" content=\"9 perc\" \/>\n<script type=\"application\/ld+json\" class=\"yoast-schema-graph\">{\"@context\":\"https:\/\/schema.org\",\"@graph\":[{\"@type\":\"WebPage\",\"@id\":\"https:\/\/emaginetours.com\/hu\/e-scooter-berles\/\",\"url\":\"https:\/\/emaginetours.com\/hu\/e-scooter-berles\/\",\"name\":\"E-scooter b\u00e9rl\u00e9s Budapesten | E-Magine Rides\",\"isPartOf\":{\"@id\":\"https:\/\/emaginetours.com\/#website\"},\"primaryImageOfPage\":{\"@id\":\"https:\/\/emaginetours.com\/hu\/e-scooter-berles\/#primaryimage\"},\"image\":{\"@id\":\"https:\/\/emaginetours.com\/hu\/e-scooter-berles\/#primaryimage\"},\"thumbnailUrl\":\"https:\/\/emaginetours.com\/wp-content\/uploads\/2024\/04\/budapest-private-tour-16.jpeg\",\"datePublished\":\"2024-05-17T09:30:41+00:00\",\"dateModified\":\"2024-09-16T08:10:38+00:00\",\"description\":\"Az E-Magine budapesti e-roller b\u00e9rl\u00e9s\u00e9vel szabadon felfedezheted v\u00e1rosunkat saj\u00e1t sz\u00e1j\u00edzed szerint. Tudj meg t\u00f6bbet a MonsteRoller e-scooter b\u00e9rl\u00e9sr\u0151l!\",\"breadcrumb\":{\"@id\":\"https:\/\/emaginetours.com\/hu\/e-scooter-berles\/#breadcrumb\"},\"inLanguage\":\"hu\",\"potentialAction\":[{\"@type\":\"ReadAction\",\"target\":[\"https:\/\/emaginetours.com\/hu\/e-scooter-berles\/\"]}]},{\"@type\":\"ImageObject\",\"inLanguage\":\"hu\",\"@id\":\"https:\/\/emaginetours.com\/hu\/e-scooter-berles\/#primaryimage\",\"url\":\"https:\/\/emaginetours.com\/wp-content\/uploads\/2024\/04\/budapest-private-tour-16.jpeg\",\"contentUrl\":\"https:\/\/emaginetours.com\/wp-content\/uploads\/2024\/04\/budapest-private-tour-16.jpeg\",\"width\":1920,\"height\":1080,\"caption\":\"H\u00e9t ember elektromos robog\u00f3n p\u00f3zol egym\u00e1s ut\u00e1n egy nagy t\u00f6rt\u00e9nelmi eml\u00e9km\u0171 el\u0151tt egy t\u00e1gas t\u00e9ren, r\u00e9szben felh\u0151s \u00e9gbolt alatt.\"},{\"@type\":\"BreadcrumbList\",\"@id\":\"https:\/\/emaginetours.com\/hu\/e-scooter-berles\/#breadcrumb\",\"itemListElement\":[{\"@type\":\"ListItem\",\"position\":1,\"name\":\"Home\",\"item\":\"https:\/\/emaginetours.com\/hu\/\"},{\"@type\":\"ListItem\",\"position\":2,\"name\":\"Monsteroller e-scooter b\u00e9rl\u00e9s\"}]},{\"@type\":\"WebSite\",\"@id\":\"https:\/\/emaginetours.com\/#website\",\"url\":\"https:\/\/emaginetours.com\/\",\"name\":\"Emagine Tours\",\"description\":\"E-Scooter &amp; E-Bike Tours and Rentals in Budapest\",\"publisher\":{\"@id\":\"https:\/\/emaginetours.com\/#organization\"},\"potentialAction\":[{\"@type\":\"SearchAction\",\"target\":{\"@type\":\"EntryPoint\",\"urlTemplate\":\"https:\/\/emaginetours.com\/?s={search_term_string}\"},\"query-input\":{\"@type\":\"PropertyValueSpecification\",\"valueRequired\":true,\"valueName\":\"search_term_string\"}}],\"inLanguage\":\"hu\"},{\"@type\":\"Organization\",\"@id\":\"https:\/\/emaginetours.com\/#organization\",\"name\":\"Emagine Tours\",\"url\":\"https:\/\/emaginetours.com\/\",\"logo\":{\"@type\":\"ImageObject\",\"inLanguage\":\"hu\",\"@id\":\"https:\/\/emaginetours.com\/#\/schema\/logo\/image\/\",\"url\":\"https:\/\/emaginetours.com\/wp-content\/uploads\/2024\/06\/emagine_logo_rides_horizontal.png\",\"contentUrl\":\"https:\/\/emaginetours.com\/wp-content\/uploads\/2024\/06\/emagine_logo_rides_horizontal.png\",\"width\":4096,\"height\":819,\"caption\":\"Emagine Tours\"},\"image\":{\"@id\":\"https:\/\/emaginetours.com\/#\/schema\/logo\/image\/\"},\"sameAs\":[\"https:\/\/www.facebook.com\/emaginetours\/\",\"https:\/\/www.tiktok.com\/@emagineridesbp\",\"https:\/\/instagram.com\/emaginerides\"]}]}<\/script>\n<!-- \/ Yoast SEO plugin. -->","yoast_head_json":{"title":"E-scooter b\u00e9rl\u00e9s Budapesten | E-Magine Rides","description":"Az E-Magine budapesti e-roller b\u00e9rl\u00e9s\u00e9vel szabadon felfedezheted v\u00e1rosunkat saj\u00e1t sz\u00e1j\u00edzed szerint. Tudj meg t\u00f6bbet a MonsteRoller e-scooter b\u00e9rl\u00e9sr\u0151l!","robots":{"index":"index","follow":"follow","max-snippet":"max-snippet:-1","max-image-preview":"max-image-preview:large","max-video-preview":"max-video-preview:-1"},"canonical":"https:\/\/emaginetours.com\/hu\/e-scooter-berles\/","og_locale":"hu_HU","og_type":"article","og_title":"E-scooter b\u00e9rl\u00e9s Budapesten | E-Magine Rides","og_description":"Az E-Magine budapesti e-roller b\u00e9rl\u00e9s\u00e9vel szabadon felfedezheted v\u00e1rosunkat saj\u00e1t sz\u00e1j\u00edzed szerint. Tudj meg t\u00f6bbet a MonsteRoller e-scooter b\u00e9rl\u00e9sr\u0151l!","og_url":"https:\/\/emaginetours.com\/hu\/e-scooter-berles\/","og_site_name":"Emagine Rides Budapest","article_publisher":"https:\/\/www.facebook.com\/emaginetours\/","article_modified_time":"2024-09-16T08:10:38+00:00","og_image":[{"width":1920,"height":1080,"url":"https:\/\/emaginetours.com\/wp-content\/uploads\/2024\/04\/budapest-private-tour-16.jpeg","type":"image\/jpeg"}],"twitter_card":"summary_large_image","twitter_misc":{"Becs\u00fclt olvas\u00e1si id\u0151":"9 perc"},"schema":{"@context":"https:\/\/schema.org","@graph":[{"@type":"WebPage","@id":"https:\/\/emaginetours.com\/hu\/e-scooter-berles\/","url":"https:\/\/emaginetours.com\/hu\/e-scooter-berles\/","name":"E-scooter b\u00e9rl\u00e9s Budapesten | E-Magine Rides","isPartOf":{"@id":"https:\/\/emaginetours.com\/#website"},"primaryImageOfPage":{"@id":"https:\/\/emaginetours.com\/hu\/e-scooter-berles\/#primaryimage"},"image":{"@id":"https:\/\/emaginetours.com\/hu\/e-scooter-berles\/#primaryimage"},"thumbnailUrl":"https:\/\/emaginetours.com\/wp-content\/uploads\/2024\/04\/budapest-private-tour-16.jpeg","datePublished":"2024-05-17T09:30:41+00:00","dateModified":"2024-09-16T08:10:38+00:00","description":"Az E-Magine budapesti e-roller b\u00e9rl\u00e9s\u00e9vel szabadon felfedezheted v\u00e1rosunkat saj\u00e1t sz\u00e1j\u00edzed szerint. Tudj meg t\u00f6bbet a MonsteRoller e-scooter b\u00e9rl\u00e9sr\u0151l!","breadcrumb":{"@id":"https:\/\/emaginetours.com\/hu\/e-scooter-berles\/#breadcrumb"},"inLanguage":"hu","potentialAction":[{"@type":"ReadAction","target":["https:\/\/emaginetours.com\/hu\/e-scooter-berles\/"]}]},{"@type":"ImageObject","inLanguage":"hu","@id":"https:\/\/emaginetours.com\/hu\/e-scooter-berles\/#primaryimage","url":"https:\/\/emaginetours.com\/wp-content\/uploads\/2024\/04\/budapest-private-tour-16.jpeg","contentUrl":"https:\/\/emaginetours.com\/wp-content\/uploads\/2024\/04\/budapest-private-tour-16.jpeg","width":1920,"height":1080,"caption":"H\u00e9t ember elektromos robog\u00f3n p\u00f3zol egym\u00e1s ut\u00e1n egy nagy t\u00f6rt\u00e9nelmi eml\u00e9km\u0171 el\u0151tt egy t\u00e1gas t\u00e9ren, r\u00e9szben felh\u0151s \u00e9gbolt alatt."},{"@type":"BreadcrumbList","@id":"https:\/\/emaginetours.com\/hu\/e-scooter-berles\/#breadcrumb","itemListElement":[{"@type":"ListItem","position":1,"name":"Home","item":"https:\/\/emaginetours.com\/hu\/"},{"@type":"ListItem","position":2,"name":"Monsteroller e-scooter b\u00e9rl\u00e9s"}]},{"@type":"WebSite","@id":"https:\/\/emaginetours.com\/#website","url":"https:\/\/emaginetours.com\/","name":"Emagine Tours","description":"E-Scooter &amp; E-Bike Tours and Rentals in Budapest","publisher":{"@id":"https:\/\/emaginetours.com\/#organization"},"potentialAction":[{"@type":"SearchAction","target":{"@type":"EntryPoint","urlTemplate":"https:\/\/emaginetours.com\/?s={search_term_string}"},"query-input":{"@type":"PropertyValueSpecification","valueRequired":true,"valueName":"search_term_string"}}],"inLanguage":"hu"},{"@type":"Organization","@id":"https:\/\/emaginetours.com\/#organization","name":"Emagine Tours","url":"https:\/\/emaginetours.com\/","logo":{"@type":"ImageObject","inLanguage":"hu","@id":"https:\/\/emaginetours.com\/#\/schema\/logo\/image\/","url":"https:\/\/emaginetours.com\/wp-content\/uploads\/2024\/06\/emagine_logo_rides_horizontal.png","contentUrl":"https:\/\/emaginetours.com\/wp-content\/uploads\/2024\/06\/emagine_logo_rides_horizontal.png","width":4096,"height":819,"caption":"Emagine Tours"},"image":{"@id":"https:\/\/emaginetours.com\/#\/schema\/logo\/image\/"},"sameAs":["https:\/\/www.facebook.com\/emaginetours\/","https:\/\/www.tiktok.com\/@emagineridesbp","https:\/\/instagram.com\/emaginerides"]}]}},"_links":{"self":[{"href":"https:\/\/emaginetours.com\/hu\/wp-json\/wp\/v2\/pages\/21456","targetHints":{"allow":["GET"]}}],"collection":[{"href":"https:\/\/emaginetours.com\/hu\/wp-json\/wp\/v2\/pages"}],"about":[{"href":"https:\/\/emaginetours.com\/hu\/wp-json\/wp\/v2\/types\/page"}],"author":[{"embeddable":true,"href":"https:\/\/emaginetours.com\/hu\/wp-json\/wp\/v2\/users\/1"}],"replies":[{"embeddable":true,"href":"https:\/\/emaginetours.com\/hu\/wp-json\/wp\/v2\/comments?post=21456"}],"version-history":[{"count":5,"href":"https:\/\/emaginetours.com\/hu\/wp-json\/wp\/v2\/pages\/21456\/revisions"}],"predecessor-version":[{"id":22549,"href":"https:\/\/emaginetours.com\/hu\/wp-json\/wp\/v2\/pages\/21456\/revisions\/22549"}],"wp:featuredmedia":[{"embeddable":true,"href":"https:\/\/emaginetours.com\/hu\/wp-json\/wp\/v2\/media\/21144"}],"wp:attachment":[{"href":"https:\/\/emaginetours.com\/hu\/wp-json\/wp\/v2\/media?parent=21456"}],"curies":[{"name":"wp","href":"https:\/\/api.w.org\/{rel}","templated":true}]}}