{"id":21451,"date":"2024-05-22T16:55:40","date_gmt":"2024-05-22T14:55:40","guid":{"rendered":"https:\/\/emaginetours.tourismmarketing.agency\/e-bike-berles-budapesten\/"},"modified":"2024-07-11T15:11:08","modified_gmt":"2024-07-11T14:11:08","slug":"e-bike-berles-budapesten","status":"publish","type":"page","link":"https:\/\/emaginetours.com\/hu\/e-bike-berles-budapesten\/","title":{"rendered":"E-Bike b\u00e9rl\u00e9s Budapesten"},"content":{"rendered":"","protected":false},"excerpt":{"rendered":"","protected":false},"author":1,"featured_media":21643,"parent":0,"menu_order":0,"comment_status":"closed","ping_status":"closed","template":"","meta":{"inline_featured_image":false,"footnotes":""},"class_list":["post-21451","page","type-page","status-publish","has-post-thumbnail","hentry"],"yoast_head":"<!-- This site is optimized with the Yoast SEO plugin v27.2 - https:\/\/yoast.com\/product\/yoast-seo-wordpress\/ -->\n<title>E-bike b\u00e9rl\u00e9s Budapesten | E-Magine<\/title>\n<meta name=\"description\" content=\"E-bike b\u00e9rl\u00e9st keresel Budapesten? Tudj meg t\u00f6bbet az E-Magine pr\u00e9mium elektromos ker\u00e9kp\u00e1r b\u00e9rl\u00e9si lehet\u0151s\u00e9geir\u0151l.\" \/>\n<meta name=\"robots\" content=\"index, follow, max-snippet:-1, max-image-preview:large, max-video-preview:-1\" \/>\n<link rel=\"canonical\" href=\"https:\/\/emaginetours.com\/hu\/e-bike-berles-budapesten\/\" \/>\n<meta property=\"og:locale\" content=\"hu_HU\" \/>\n<meta property=\"og:type\" content=\"article\" \/>\n<meta property=\"og:title\" content=\"E-bike b\u00e9rl\u00e9s Budapesten | E-Magine\" \/>\n<meta property=\"og:description\" content=\"E-bike b\u00e9rl\u00e9st keresel Budapesten? Tudj meg t\u00f6bbet az E-Magine pr\u00e9mium elektromos ker\u00e9kp\u00e1r b\u00e9rl\u00e9si lehet\u0151s\u00e9geir\u0151l.\" \/>\n<meta property=\"og:url\" content=\"https:\/\/emaginetours.com\/hu\/e-bike-berles-budapesten\/\" \/>\n<meta property=\"og:site_name\" content=\"Emagine Rides Budapest\" \/>\n<meta property=\"article:publisher\" content=\"https:\/\/www.facebook.com\/emaginetours\/\" \/>\n<meta property=\"article:modified_time\" content=\"2024-07-11T14:11:08+00:00\" \/>\n<meta property=\"og:image\" content=\"https:\/\/emaginetours.com\/wp-content\/uploads\/2024\/05\/ebike-advendure-07.jpg\" \/>\n\t<meta property=\"og:image:width\" content=\"1920\" \/>\n\t<meta property=\"og:image:height\" content=\"1280\" \/>\n\t<meta property=\"og:image:type\" content=\"image\/jpeg\" \/>\n<meta name=\"twitter:card\" content=\"summary_large_image\" \/>\n<meta name=\"twitter:label1\" content=\"Becs\u00fclt olvas\u00e1si id\u0151\" \/>\n\t<meta name=\"twitter:data1\" content=\"4 perc\" \/>\n<script type=\"application\/ld+json\" class=\"yoast-schema-graph\">{\"@context\":\"https:\/\/schema.org\",\"@graph\":[{\"@type\":\"WebPage\",\"@id\":\"https:\/\/emaginetours.com\/hu\/e-bike-berles-budapesten\/\",\"url\":\"https:\/\/emaginetours.com\/hu\/e-bike-berles-budapesten\/\",\"name\":\"E-bike b\u00e9rl\u00e9s Budapesten | E-Magine\",\"isPartOf\":{\"@id\":\"https:\/\/emaginetours.com\/#website\"},\"primaryImageOfPage\":{\"@id\":\"https:\/\/emaginetours.com\/hu\/e-bike-berles-budapesten\/#primaryimage\"},\"image\":{\"@id\":\"https:\/\/emaginetours.com\/hu\/e-bike-berles-budapesten\/#primaryimage\"},\"thumbnailUrl\":\"https:\/\/emaginetours.com\/wp-content\/uploads\/2024\/06\/ebike-rental-04.jpg\",\"datePublished\":\"2024-05-22T14:55:40+00:00\",\"dateModified\":\"2024-07-11T14:11:08+00:00\",\"description\":\"E-bike b\u00e9rl\u00e9st keresel Budapesten? Tudj meg t\u00f6bbet az E-Magine pr\u00e9mium elektromos ker\u00e9kp\u00e1r b\u00e9rl\u00e9si lehet\u0151s\u00e9geir\u0151l.\",\"breadcrumb\":{\"@id\":\"https:\/\/emaginetours.com\/hu\/e-bike-berles-budapesten\/#breadcrumb\"},\"inLanguage\":\"hu\",\"potentialAction\":[{\"@type\":\"ReadAction\",\"target\":[\"https:\/\/emaginetours.com\/hu\/e-bike-berles-budapesten\/\"]}]},{\"@type\":\"ImageObject\",\"inLanguage\":\"hu\",\"@id\":\"https:\/\/emaginetours.com\/hu\/e-bike-berles-budapesten\/#primaryimage\",\"url\":\"https:\/\/emaginetours.com\/wp-content\/uploads\/2024\/06\/ebike-rental-04.jpg\",\"contentUrl\":\"https:\/\/emaginetours.com\/wp-content\/uploads\/2024\/06\/ebike-rental-04.jpg\",\"width\":1920,\"height\":1080,\"caption\":\"Egy sisakot visel\u0151 n\u0151 \u00e9s f\u00e9rfi biciklizik. A n\u0151 el\u0151re mutat, m\u00edg a f\u00e9rfi abba az ir\u00e1nyba n\u00e9z. A szabadban, v\u00e1rosi k\u00f6rnyezetben, elmos\u00f3dott \u00e9p\u00fcletekkel a h\u00e1tt\u00e9rben.\"},{\"@type\":\"BreadcrumbList\",\"@id\":\"https:\/\/emaginetours.com\/hu\/e-bike-berles-budapesten\/#breadcrumb\",\"itemListElement\":[{\"@type\":\"ListItem\",\"position\":1,\"name\":\"Home\",\"item\":\"https:\/\/emaginetours.com\/hu\/\"},{\"@type\":\"ListItem\",\"position\":2,\"name\":\"E-Bike b\u00e9rl\u00e9s Budapesten\"}]},{\"@type\":\"WebSite\",\"@id\":\"https:\/\/emaginetours.com\/#website\",\"url\":\"https:\/\/emaginetours.com\/\",\"name\":\"Emagine Tours\",\"description\":\"E-Scooter &amp; E-Bike Tours and Rentals in Budapest\",\"publisher\":{\"@id\":\"https:\/\/emaginetours.com\/#organization\"},\"potentialAction\":[{\"@type\":\"SearchAction\",\"target\":{\"@type\":\"EntryPoint\",\"urlTemplate\":\"https:\/\/emaginetours.com\/?s={search_term_string}\"},\"query-input\":{\"@type\":\"PropertyValueSpecification\",\"valueRequired\":true,\"valueName\":\"search_term_string\"}}],\"inLanguage\":\"hu\"},{\"@type\":\"Organization\",\"@id\":\"https:\/\/emaginetours.com\/#organization\",\"name\":\"Emagine Tours\",\"url\":\"https:\/\/emaginetours.com\/\",\"logo\":{\"@type\":\"ImageObject\",\"inLanguage\":\"hu\",\"@id\":\"https:\/\/emaginetours.com\/#\/schema\/logo\/image\/\",\"url\":\"https:\/\/emaginetours.com\/wp-content\/uploads\/2024\/06\/emagine_logo_rides_horizontal.png\",\"contentUrl\":\"https:\/\/emaginetours.com\/wp-content\/uploads\/2024\/06\/emagine_logo_rides_horizontal.png\",\"width\":4096,\"height\":819,\"caption\":\"Emagine Tours\"},\"image\":{\"@id\":\"https:\/\/emaginetours.com\/#\/schema\/logo\/image\/\"},\"sameAs\":[\"https:\/\/www.facebook.com\/emaginetours\/\",\"https:\/\/www.tiktok.com\/@emagineridesbp\",\"https:\/\/instagram.com\/emaginerides\"]}]}<\/script>\n<!-- \/ Yoast SEO plugin. -->","yoast_head_json":{"title":"E-bike b\u00e9rl\u00e9s Budapesten | E-Magine","description":"E-bike b\u00e9rl\u00e9st keresel Budapesten? Tudj meg t\u00f6bbet az E-Magine pr\u00e9mium elektromos ker\u00e9kp\u00e1r b\u00e9rl\u00e9si lehet\u0151s\u00e9geir\u0151l.","robots":{"index":"index","follow":"follow","max-snippet":"max-snippet:-1","max-image-preview":"max-image-preview:large","max-video-preview":"max-video-preview:-1"},"canonical":"https:\/\/emaginetours.com\/hu\/e-bike-berles-budapesten\/","og_locale":"hu_HU","og_type":"article","og_title":"E-bike b\u00e9rl\u00e9s Budapesten | E-Magine","og_description":"E-bike b\u00e9rl\u00e9st keresel Budapesten? Tudj meg t\u00f6bbet az E-Magine pr\u00e9mium elektromos ker\u00e9kp\u00e1r b\u00e9rl\u00e9si lehet\u0151s\u00e9geir\u0151l.","og_url":"https:\/\/emaginetours.com\/hu\/e-bike-berles-budapesten\/","og_site_name":"Emagine Rides Budapest","article_publisher":"https:\/\/www.facebook.com\/emaginetours\/","article_modified_time":"2024-07-11T14:11:08+00:00","og_image":[{"width":1920,"height":1280,"url":"https:\/\/emaginetours.com\/wp-content\/uploads\/2024\/05\/ebike-advendure-07.jpg","type":"image\/jpeg"}],"twitter_card":"summary_large_image","twitter_misc":{"Becs\u00fclt olvas\u00e1si id\u0151":"4 perc"},"schema":{"@context":"https:\/\/schema.org","@graph":[{"@type":"WebPage","@id":"https:\/\/emaginetours.com\/hu\/e-bike-berles-budapesten\/","url":"https:\/\/emaginetours.com\/hu\/e-bike-berles-budapesten\/","name":"E-bike b\u00e9rl\u00e9s Budapesten | E-Magine","isPartOf":{"@id":"https:\/\/emaginetours.com\/#website"},"primaryImageOfPage":{"@id":"https:\/\/emaginetours.com\/hu\/e-bike-berles-budapesten\/#primaryimage"},"image":{"@id":"https:\/\/emaginetours.com\/hu\/e-bike-berles-budapesten\/#primaryimage"},"thumbnailUrl":"https:\/\/emaginetours.com\/wp-content\/uploads\/2024\/06\/ebike-rental-04.jpg","datePublished":"2024-05-22T14:55:40+00:00","dateModified":"2024-07-11T14:11:08+00:00","description":"E-bike b\u00e9rl\u00e9st keresel Budapesten? Tudj meg t\u00f6bbet az E-Magine pr\u00e9mium elektromos ker\u00e9kp\u00e1r b\u00e9rl\u00e9si lehet\u0151s\u00e9geir\u0151l.","breadcrumb":{"@id":"https:\/\/emaginetours.com\/hu\/e-bike-berles-budapesten\/#breadcrumb"},"inLanguage":"hu","potentialAction":[{"@type":"ReadAction","target":["https:\/\/emaginetours.com\/hu\/e-bike-berles-budapesten\/"]}]},{"@type":"ImageObject","inLanguage":"hu","@id":"https:\/\/emaginetours.com\/hu\/e-bike-berles-budapesten\/#primaryimage","url":"https:\/\/emaginetours.com\/wp-content\/uploads\/2024\/06\/ebike-rental-04.jpg","contentUrl":"https:\/\/emaginetours.com\/wp-content\/uploads\/2024\/06\/ebike-rental-04.jpg","width":1920,"height":1080,"caption":"Egy sisakot visel\u0151 n\u0151 \u00e9s f\u00e9rfi biciklizik. A n\u0151 el\u0151re mutat, m\u00edg a f\u00e9rfi abba az ir\u00e1nyba n\u00e9z. A szabadban, v\u00e1rosi k\u00f6rnyezetben, elmos\u00f3dott \u00e9p\u00fcletekkel a h\u00e1tt\u00e9rben."},{"@type":"BreadcrumbList","@id":"https:\/\/emaginetours.com\/hu\/e-bike-berles-budapesten\/#breadcrumb","itemListElement":[{"@type":"ListItem","position":1,"name":"Home","item":"https:\/\/emaginetours.com\/hu\/"},{"@type":"ListItem","position":2,"name":"E-Bike b\u00e9rl\u00e9s Budapesten"}]},{"@type":"WebSite","@id":"https:\/\/emaginetours.com\/#website","url":"https:\/\/emaginetours.com\/","name":"Emagine Tours","description":"E-Scooter &amp; E-Bike Tours and Rentals in Budapest","publisher":{"@id":"https:\/\/emaginetours.com\/#organization"},"potentialAction":[{"@type":"SearchAction","target":{"@type":"EntryPoint","urlTemplate":"https:\/\/emaginetours.com\/?s={search_term_string}"},"query-input":{"@type":"PropertyValueSpecification","valueRequired":true,"valueName":"search_term_string"}}],"inLanguage":"hu"},{"@type":"Organization","@id":"https:\/\/emaginetours.com\/#organization","name":"Emagine Tours","url":"https:\/\/emaginetours.com\/","logo":{"@type":"ImageObject","inLanguage":"hu","@id":"https:\/\/emaginetours.com\/#\/schema\/logo\/image\/","url":"https:\/\/emaginetours.com\/wp-content\/uploads\/2024\/06\/emagine_logo_rides_horizontal.png","contentUrl":"https:\/\/emaginetours.com\/wp-content\/uploads\/2024\/06\/emagine_logo_rides_horizontal.png","width":4096,"height":819,"caption":"Emagine Tours"},"image":{"@id":"https:\/\/emaginetours.com\/#\/schema\/logo\/image\/"},"sameAs":["https:\/\/www.facebook.com\/emaginetours\/","https:\/\/www.tiktok.com\/@emagineridesbp","https:\/\/instagram.com\/emaginerides"]}]}},"_links":{"self":[{"href":"https:\/\/emaginetours.com\/hu\/wp-json\/wp\/v2\/pages\/21451","targetHints":{"allow":["GET"]}}],"collection":[{"href":"https:\/\/emaginetours.com\/hu\/wp-json\/wp\/v2\/pages"}],"about":[{"href":"https:\/\/emaginetours.com\/hu\/wp-json\/wp\/v2\/types\/page"}],"author":[{"embeddable":true,"href":"https:\/\/emaginetours.com\/hu\/wp-json\/wp\/v2\/users\/1"}],"replies":[{"embeddable":true,"href":"https:\/\/emaginetours.com\/hu\/wp-json\/wp\/v2\/comments?post=21451"}],"version-history":[{"count":5,"href":"https:\/\/emaginetours.com\/hu\/wp-json\/wp\/v2\/pages\/21451\/revisions"}],"predecessor-version":[{"id":22210,"href":"https:\/\/emaginetours.com\/hu\/wp-json\/wp\/v2\/pages\/21451\/revisions\/22210"}],"wp:featuredmedia":[{"embeddable":true,"href":"https:\/\/emaginetours.com\/hu\/wp-json\/wp\/v2\/media\/21643"}],"wp:attachment":[{"href":"https:\/\/emaginetours.com\/hu\/wp-json\/wp\/v2\/media?parent=21451"}],"curies":[{"name":"wp","href":"https:\/\/api.w.org\/{rel}","templated":true}]}}