{"id":21414,"date":"2024-05-17T10:12:21","date_gmt":"2024-05-17T09:12:21","guid":{"rendered":"https:\/\/emaginetours.tourismmarketing.agency\/vallalati-es-csapatepito-tevekenysegek-budapesten\/"},"modified":"2024-11-06T08:30:19","modified_gmt":"2024-11-06T08:30:19","slug":"vallalati-es-csapatepito-tevekenysegek-budapesten","status":"publish","type":"page","link":"https:\/\/emaginetours.com\/hu\/vallalati-es-csapatepito-tevekenysegek-budapesten\/","title":{"rendered":"C\u00e9ges programok"},"content":{"rendered":"","protected":false},"excerpt":{"rendered":"","protected":false},"author":1,"featured_media":20741,"parent":0,"menu_order":0,"comment_status":"closed","ping_status":"closed","template":"","meta":{"inline_featured_image":false,"footnotes":""},"class_list":["post-21414","page","type-page","status-publish","has-post-thumbnail","hentry"],"yoast_head":"<!-- This site is optimized with the Yoast SEO plugin v27.2 - https:\/\/yoast.com\/product\/yoast-seo-wordpress\/ -->\n<title>C\u00e9ges \u00e9s csapat\u00e9p\u00edt\u0151 tev\u00e9kenys\u00e9gek Budapesten | E-Magine<\/title>\n<meta name=\"description\" content=\"C\u00e9ges \u00e9s csapat\u00e9p\u00edt\u0151 programokat keres Budapesten? Tudjon meg t\u00f6bbet az E-Magine egyedi E-Scooteres \u00e9lm\u00e9nyeir\u0151l.\" \/>\n<meta name=\"robots\" content=\"index, follow, max-snippet:-1, max-image-preview:large, max-video-preview:-1\" \/>\n<link rel=\"canonical\" href=\"https:\/\/emaginetours.com\/hu\/vallalati-es-csapatepito-tevekenysegek-budapesten\/\" \/>\n<meta property=\"og:locale\" content=\"hu_HU\" \/>\n<meta property=\"og:type\" content=\"article\" \/>\n<meta property=\"og:title\" content=\"C\u00e9ges \u00e9s csapat\u00e9p\u00edt\u0151 tev\u00e9kenys\u00e9gek Budapesten | E-Magine\" \/>\n<meta property=\"og:description\" content=\"C\u00e9ges \u00e9s csapat\u00e9p\u00edt\u0151 programokat keres Budapesten? Tudjon meg t\u00f6bbet az E-Magine egyedi E-Scooteres \u00e9lm\u00e9nyeir\u0151l.\" \/>\n<meta property=\"og:url\" content=\"https:\/\/emaginetours.com\/hu\/vallalati-es-csapatepito-tevekenysegek-budapesten\/\" \/>\n<meta property=\"og:site_name\" content=\"Emagine Rides Budapest\" \/>\n<meta property=\"article:publisher\" content=\"https:\/\/www.facebook.com\/emaginetours\/\" \/>\n<meta property=\"article:modified_time\" content=\"2024-11-06T08:30:19+00:00\" \/>\n<meta property=\"og:image\" content=\"https:\/\/emaginetours.com\/wp-content\/uploads\/2023\/05\/budapest-essence-tour-09.jpeg\" \/>\n\t<meta property=\"og:image:width\" content=\"1920\" \/>\n\t<meta property=\"og:image:height\" content=\"1280\" \/>\n\t<meta property=\"og:image:type\" content=\"image\/jpeg\" \/>\n<meta name=\"twitter:card\" content=\"summary_large_image\" \/>\n<meta name=\"twitter:label1\" content=\"Becs\u00fclt olvas\u00e1si id\u0151\" \/>\n\t<meta name=\"twitter:data1\" content=\"3 perc\" \/>\n<script type=\"application\/ld+json\" class=\"yoast-schema-graph\">{\"@context\":\"https:\/\/schema.org\",\"@graph\":[{\"@type\":\"WebPage\",\"@id\":\"https:\/\/emaginetours.com\/hu\/vallalati-es-csapatepito-tevekenysegek-budapesten\/\",\"url\":\"https:\/\/emaginetours.com\/hu\/vallalati-es-csapatepito-tevekenysegek-budapesten\/\",\"name\":\"C\u00e9ges \u00e9s csapat\u00e9p\u00edt\u0151 tev\u00e9kenys\u00e9gek Budapesten | E-Magine\",\"isPartOf\":{\"@id\":\"https:\/\/emaginetours.com\/#website\"},\"primaryImageOfPage\":{\"@id\":\"https:\/\/emaginetours.com\/hu\/vallalati-es-csapatepito-tevekenysegek-budapesten\/#primaryimage\"},\"image\":{\"@id\":\"https:\/\/emaginetours.com\/hu\/vallalati-es-csapatepito-tevekenysegek-budapesten\/#primaryimage\"},\"thumbnailUrl\":\"https:\/\/emaginetours.com\/wp-content\/uploads\/2023\/05\/budapest-essence-tour-09.jpeg\",\"datePublished\":\"2024-05-17T09:12:21+00:00\",\"dateModified\":\"2024-11-06T08:30:19+00:00\",\"description\":\"C\u00e9ges \u00e9s csapat\u00e9p\u00edt\u0151 programokat keres Budapesten? Tudjon meg t\u00f6bbet az E-Magine egyedi E-Scooteres \u00e9lm\u00e9nyeir\u0151l.\",\"breadcrumb\":{\"@id\":\"https:\/\/emaginetours.com\/hu\/vallalati-es-csapatepito-tevekenysegek-budapesten\/#breadcrumb\"},\"inLanguage\":\"hu\",\"potentialAction\":[{\"@type\":\"ReadAction\",\"target\":[\"https:\/\/emaginetours.com\/hu\/vallalati-es-csapatepito-tevekenysegek-budapesten\/\"]}]},{\"@type\":\"ImageObject\",\"inLanguage\":\"hu\",\"@id\":\"https:\/\/emaginetours.com\/hu\/vallalati-es-csapatepito-tevekenysegek-budapesten\/#primaryimage\",\"url\":\"https:\/\/emaginetours.com\/wp-content\/uploads\/2023\/05\/budapest-essence-tour-09.jpeg\",\"contentUrl\":\"https:\/\/emaginetours.com\/wp-content\/uploads\/2023\/05\/budapest-essence-tour-09.jpeg\",\"width\":1920,\"height\":1280,\"caption\":\"Emberek egy csoportja elektromos robog\u00f3n \u00fclve p\u00f3zol egy szabadt\u00e9ri v\u00e1rosi k\u00f6rnyezetben, t\u00f6rt\u00e9nelmi \u00e9p\u00fcletekkel \u00e9s egy k\u0151szoborral a h\u00e1tt\u00e9rben, \u00e9s \u00e9lvezi a n\u00e9pszer\u0171 budapesti tenival\u00f3k kar\u00e1csonykor. Egy k\u00e9k kab\u00e1tos szem\u00e9ly f\u00e9nyk\u00e9pezi \u0151ket.\"},{\"@type\":\"BreadcrumbList\",\"@id\":\"https:\/\/emaginetours.com\/hu\/vallalati-es-csapatepito-tevekenysegek-budapesten\/#breadcrumb\",\"itemListElement\":[{\"@type\":\"ListItem\",\"position\":1,\"name\":\"Home\",\"item\":\"https:\/\/emaginetours.com\/hu\/\"},{\"@type\":\"ListItem\",\"position\":2,\"name\":\"C\u00e9ges programok\"}]},{\"@type\":\"WebSite\",\"@id\":\"https:\/\/emaginetours.com\/#website\",\"url\":\"https:\/\/emaginetours.com\/\",\"name\":\"Emagine Tours\",\"description\":\"E-Scooter &amp; E-Bike Tours and Rentals in Budapest\",\"publisher\":{\"@id\":\"https:\/\/emaginetours.com\/#organization\"},\"potentialAction\":[{\"@type\":\"SearchAction\",\"target\":{\"@type\":\"EntryPoint\",\"urlTemplate\":\"https:\/\/emaginetours.com\/?s={search_term_string}\"},\"query-input\":{\"@type\":\"PropertyValueSpecification\",\"valueRequired\":true,\"valueName\":\"search_term_string\"}}],\"inLanguage\":\"hu\"},{\"@type\":\"Organization\",\"@id\":\"https:\/\/emaginetours.com\/#organization\",\"name\":\"Emagine Tours\",\"url\":\"https:\/\/emaginetours.com\/\",\"logo\":{\"@type\":\"ImageObject\",\"inLanguage\":\"hu\",\"@id\":\"https:\/\/emaginetours.com\/#\/schema\/logo\/image\/\",\"url\":\"https:\/\/emaginetours.com\/wp-content\/uploads\/2024\/06\/emagine_logo_rides_horizontal.png\",\"contentUrl\":\"https:\/\/emaginetours.com\/wp-content\/uploads\/2024\/06\/emagine_logo_rides_horizontal.png\",\"width\":4096,\"height\":819,\"caption\":\"Emagine Tours\"},\"image\":{\"@id\":\"https:\/\/emaginetours.com\/#\/schema\/logo\/image\/\"},\"sameAs\":[\"https:\/\/www.facebook.com\/emaginetours\/\",\"https:\/\/www.tiktok.com\/@emagineridesbp\",\"https:\/\/instagram.com\/emaginerides\"]}]}<\/script>\n<!-- \/ Yoast SEO plugin. -->","yoast_head_json":{"title":"C\u00e9ges \u00e9s csapat\u00e9p\u00edt\u0151 tev\u00e9kenys\u00e9gek Budapesten | E-Magine","description":"C\u00e9ges \u00e9s csapat\u00e9p\u00edt\u0151 programokat keres Budapesten? Tudjon meg t\u00f6bbet az E-Magine egyedi E-Scooteres \u00e9lm\u00e9nyeir\u0151l.","robots":{"index":"index","follow":"follow","max-snippet":"max-snippet:-1","max-image-preview":"max-image-preview:large","max-video-preview":"max-video-preview:-1"},"canonical":"https:\/\/emaginetours.com\/hu\/vallalati-es-csapatepito-tevekenysegek-budapesten\/","og_locale":"hu_HU","og_type":"article","og_title":"C\u00e9ges \u00e9s csapat\u00e9p\u00edt\u0151 tev\u00e9kenys\u00e9gek Budapesten | E-Magine","og_description":"C\u00e9ges \u00e9s csapat\u00e9p\u00edt\u0151 programokat keres Budapesten? Tudjon meg t\u00f6bbet az E-Magine egyedi E-Scooteres \u00e9lm\u00e9nyeir\u0151l.","og_url":"https:\/\/emaginetours.com\/hu\/vallalati-es-csapatepito-tevekenysegek-budapesten\/","og_site_name":"Emagine Rides Budapest","article_publisher":"https:\/\/www.facebook.com\/emaginetours\/","article_modified_time":"2024-11-06T08:30:19+00:00","og_image":[{"width":1920,"height":1280,"url":"https:\/\/emaginetours.com\/wp-content\/uploads\/2023\/05\/budapest-essence-tour-09.jpeg","type":"image\/jpeg"}],"twitter_card":"summary_large_image","twitter_misc":{"Becs\u00fclt olvas\u00e1si id\u0151":"3 perc"},"schema":{"@context":"https:\/\/schema.org","@graph":[{"@type":"WebPage","@id":"https:\/\/emaginetours.com\/hu\/vallalati-es-csapatepito-tevekenysegek-budapesten\/","url":"https:\/\/emaginetours.com\/hu\/vallalati-es-csapatepito-tevekenysegek-budapesten\/","name":"C\u00e9ges \u00e9s csapat\u00e9p\u00edt\u0151 tev\u00e9kenys\u00e9gek Budapesten | E-Magine","isPartOf":{"@id":"https:\/\/emaginetours.com\/#website"},"primaryImageOfPage":{"@id":"https:\/\/emaginetours.com\/hu\/vallalati-es-csapatepito-tevekenysegek-budapesten\/#primaryimage"},"image":{"@id":"https:\/\/emaginetours.com\/hu\/vallalati-es-csapatepito-tevekenysegek-budapesten\/#primaryimage"},"thumbnailUrl":"https:\/\/emaginetours.com\/wp-content\/uploads\/2023\/05\/budapest-essence-tour-09.jpeg","datePublished":"2024-05-17T09:12:21+00:00","dateModified":"2024-11-06T08:30:19+00:00","description":"C\u00e9ges \u00e9s csapat\u00e9p\u00edt\u0151 programokat keres Budapesten? Tudjon meg t\u00f6bbet az E-Magine egyedi E-Scooteres \u00e9lm\u00e9nyeir\u0151l.","breadcrumb":{"@id":"https:\/\/emaginetours.com\/hu\/vallalati-es-csapatepito-tevekenysegek-budapesten\/#breadcrumb"},"inLanguage":"hu","potentialAction":[{"@type":"ReadAction","target":["https:\/\/emaginetours.com\/hu\/vallalati-es-csapatepito-tevekenysegek-budapesten\/"]}]},{"@type":"ImageObject","inLanguage":"hu","@id":"https:\/\/emaginetours.com\/hu\/vallalati-es-csapatepito-tevekenysegek-budapesten\/#primaryimage","url":"https:\/\/emaginetours.com\/wp-content\/uploads\/2023\/05\/budapest-essence-tour-09.jpeg","contentUrl":"https:\/\/emaginetours.com\/wp-content\/uploads\/2023\/05\/budapest-essence-tour-09.jpeg","width":1920,"height":1280,"caption":"Emberek egy csoportja elektromos robog\u00f3n \u00fclve p\u00f3zol egy szabadt\u00e9ri v\u00e1rosi k\u00f6rnyezetben, t\u00f6rt\u00e9nelmi \u00e9p\u00fcletekkel \u00e9s egy k\u0151szoborral a h\u00e1tt\u00e9rben, \u00e9s \u00e9lvezi a n\u00e9pszer\u0171 budapesti tenival\u00f3k kar\u00e1csonykor. Egy k\u00e9k kab\u00e1tos szem\u00e9ly f\u00e9nyk\u00e9pezi \u0151ket."},{"@type":"BreadcrumbList","@id":"https:\/\/emaginetours.com\/hu\/vallalati-es-csapatepito-tevekenysegek-budapesten\/#breadcrumb","itemListElement":[{"@type":"ListItem","position":1,"name":"Home","item":"https:\/\/emaginetours.com\/hu\/"},{"@type":"ListItem","position":2,"name":"C\u00e9ges programok"}]},{"@type":"WebSite","@id":"https:\/\/emaginetours.com\/#website","url":"https:\/\/emaginetours.com\/","name":"Emagine Tours","description":"E-Scooter &amp; E-Bike Tours and Rentals in Budapest","publisher":{"@id":"https:\/\/emaginetours.com\/#organization"},"potentialAction":[{"@type":"SearchAction","target":{"@type":"EntryPoint","urlTemplate":"https:\/\/emaginetours.com\/?s={search_term_string}"},"query-input":{"@type":"PropertyValueSpecification","valueRequired":true,"valueName":"search_term_string"}}],"inLanguage":"hu"},{"@type":"Organization","@id":"https:\/\/emaginetours.com\/#organization","name":"Emagine Tours","url":"https:\/\/emaginetours.com\/","logo":{"@type":"ImageObject","inLanguage":"hu","@id":"https:\/\/emaginetours.com\/#\/schema\/logo\/image\/","url":"https:\/\/emaginetours.com\/wp-content\/uploads\/2024\/06\/emagine_logo_rides_horizontal.png","contentUrl":"https:\/\/emaginetours.com\/wp-content\/uploads\/2024\/06\/emagine_logo_rides_horizontal.png","width":4096,"height":819,"caption":"Emagine Tours"},"image":{"@id":"https:\/\/emaginetours.com\/#\/schema\/logo\/image\/"},"sameAs":["https:\/\/www.facebook.com\/emaginetours\/","https:\/\/www.tiktok.com\/@emagineridesbp","https:\/\/instagram.com\/emaginerides"]}]}},"_links":{"self":[{"href":"https:\/\/emaginetours.com\/hu\/wp-json\/wp\/v2\/pages\/21414","targetHints":{"allow":["GET"]}}],"collection":[{"href":"https:\/\/emaginetours.com\/hu\/wp-json\/wp\/v2\/pages"}],"about":[{"href":"https:\/\/emaginetours.com\/hu\/wp-json\/wp\/v2\/types\/page"}],"author":[{"embeddable":true,"href":"https:\/\/emaginetours.com\/hu\/wp-json\/wp\/v2\/users\/1"}],"replies":[{"embeddable":true,"href":"https:\/\/emaginetours.com\/hu\/wp-json\/wp\/v2\/comments?post=21414"}],"version-history":[{"count":4,"href":"https:\/\/emaginetours.com\/hu\/wp-json\/wp\/v2\/pages\/21414\/revisions"}],"predecessor-version":[{"id":22631,"href":"https:\/\/emaginetours.com\/hu\/wp-json\/wp\/v2\/pages\/21414\/revisions\/22631"}],"wp:featuredmedia":[{"embeddable":true,"href":"https:\/\/emaginetours.com\/hu\/wp-json\/wp\/v2\/media\/20741"}],"wp:attachment":[{"href":"https:\/\/emaginetours.com\/hu\/wp-json\/wp\/v2\/media?parent=21414"}],"curies":[{"name":"wp","href":"https:\/\/api.w.org\/{rel}","templated":true}]}}