{"id":21411,"date":"2022-06-20T09:00:45","date_gmt":"2022-06-20T07:00:45","guid":{"rendered":"https:\/\/emaginetours.tourismmarketing.agency\/honlap\/"},"modified":"2024-11-06T08:21:05","modified_gmt":"2024-11-06T08:21:05","slug":"honlap","status":"publish","type":"page","link":"https:\/\/emaginetours.com\/hu\/","title":{"rendered":"Kezd\u0151lap"},"content":{"rendered":"","protected":false},"excerpt":{"rendered":"","protected":false},"author":1,"featured_media":21156,"parent":0,"menu_order":0,"comment_status":"closed","ping_status":"closed","template":"","meta":{"inline_featured_image":false,"footnotes":""},"class_list":["post-21411","page","type-page","status-publish","has-post-thumbnail","hentry"],"yoast_head":"<!-- This site is optimized with the Yoast SEO plugin v27.2 - https:\/\/yoast.com\/product\/yoast-seo-wordpress\/ -->\n<title>E-Scooter b\u00e9rl\u00e9s \u00e9s t\u00far\u00e1k Budapesten | E-Magine<\/title>\n<meta name=\"description\" content=\"E-roller b\u00e9rl\u00e9si lehet\u0151s\u00e9geket keresel Budapesten? Seg\u00edt az E-Magine csapata! Ismerd meg a MonsteRoller e-scootereket \u00e9s a v\u00e1rosn\u00e9z\u00e9si lehet\u0151s\u00e9geket.\" \/>\n<meta name=\"robots\" content=\"index, follow, max-snippet:-1, max-image-preview:large, max-video-preview:-1\" \/>\n<link rel=\"canonical\" href=\"https:\/\/emaginetours.com\/hu\/\" \/>\n<meta property=\"og:locale\" content=\"hu_HU\" \/>\n<meta property=\"og:type\" content=\"article\" \/>\n<meta property=\"og:title\" content=\"E-Scooter b\u00e9rl\u00e9s \u00e9s t\u00far\u00e1k Budapesten | E-Magine\" \/>\n<meta property=\"og:description\" content=\"E-roller b\u00e9rl\u00e9si lehet\u0151s\u00e9geket keresel Budapesten? Seg\u00edt az E-Magine csapata! Ismerd meg a MonsteRoller e-scootereket \u00e9s a v\u00e1rosn\u00e9z\u00e9si lehet\u0151s\u00e9geket.\" \/>\n<meta property=\"og:url\" content=\"https:\/\/emaginetours.com\/hu\/\" \/>\n<meta property=\"og:site_name\" content=\"Emagine Rides Budapest\" \/>\n<meta property=\"article:publisher\" content=\"https:\/\/www.facebook.com\/emaginetours\/\" \/>\n<meta property=\"article:modified_time\" content=\"2024-11-06T08:21:05+00:00\" \/>\n<meta property=\"og:image\" content=\"https:\/\/emaginetours.com\/wp-content\/uploads\/2024\/04\/rides-00.jpg\" \/>\n\t<meta property=\"og:image:width\" content=\"1920\" \/>\n\t<meta property=\"og:image:height\" content=\"1080\" \/>\n\t<meta property=\"og:image:type\" content=\"image\/jpeg\" \/>\n<meta name=\"twitter:card\" content=\"summary_large_image\" \/>\n<meta name=\"twitter:label1\" content=\"Becs\u00fclt olvas\u00e1si id\u0151\" \/>\n\t<meta name=\"twitter:data1\" content=\"5 perc\" \/>\n<script type=\"application\/ld+json\" class=\"yoast-schema-graph\">{\"@context\":\"https:\/\/schema.org\",\"@graph\":[{\"@type\":\"WebPage\",\"@id\":\"https:\/\/emaginetours.com\/hu\/\",\"url\":\"https:\/\/emaginetours.com\/hu\/\",\"name\":\"E-Scooter b\u00e9rl\u00e9s \u00e9s t\u00far\u00e1k Budapesten | E-Magine\",\"isPartOf\":{\"@id\":\"https:\/\/emaginetours.com\/#website\"},\"primaryImageOfPage\":{\"@id\":\"https:\/\/emaginetours.com\/hu\/#primaryimage\"},\"image\":{\"@id\":\"https:\/\/emaginetours.com\/hu\/#primaryimage\"},\"thumbnailUrl\":\"https:\/\/emaginetours.com\/wp-content\/uploads\/2024\/04\/rides-00.jpg\",\"datePublished\":\"2022-06-20T07:00:45+00:00\",\"dateModified\":\"2024-11-06T08:21:05+00:00\",\"description\":\"E-roller b\u00e9rl\u00e9si lehet\u0151s\u00e9geket keresel Budapesten? Seg\u00edt az E-Magine csapata! Ismerd meg a MonsteRoller e-scootereket \u00e9s a v\u00e1rosn\u00e9z\u00e9si lehet\u0151s\u00e9geket.\",\"breadcrumb\":{\"@id\":\"https:\/\/emaginetours.com\/hu\/#breadcrumb\"},\"inLanguage\":\"hu\",\"potentialAction\":[{\"@type\":\"ReadAction\",\"target\":[\"https:\/\/emaginetours.com\/hu\/\"]}]},{\"@type\":\"ImageObject\",\"inLanguage\":\"hu\",\"@id\":\"https:\/\/emaginetours.com\/hu\/#primaryimage\",\"url\":\"https:\/\/emaginetours.com\/wp-content\/uploads\/2024\/04\/rides-00.jpg\",\"contentUrl\":\"https:\/\/emaginetours.com\/wp-content\/uploads\/2024\/04\/rides-00.jpg\",\"width\":1920,\"height\":1080,\"caption\":\"N\u00e9gy ember elektromos robog\u00f3val \u00fcl egy naps\u00fct\u00e9ses napon, vaskorl\u00e1ttal \u00e9s \u00e9p\u00fcletekkel a h\u00e1tt\u00e9rben.\"},{\"@type\":\"BreadcrumbList\",\"@id\":\"https:\/\/emaginetours.com\/hu\/#breadcrumb\",\"itemListElement\":[{\"@type\":\"ListItem\",\"position\":1,\"name\":\"Home\",\"item\":\"https:\/\/emaginetours.com\/hu\/\"},{\"@type\":\"ListItem\",\"position\":2,\"name\":\"Kezd\u0151lap\"}]},{\"@type\":\"WebSite\",\"@id\":\"https:\/\/emaginetours.com\/#website\",\"url\":\"https:\/\/emaginetours.com\/\",\"name\":\"Emagine Tours\",\"description\":\"E-Scooter &amp; E-Bike Tours and Rentals in Budapest\",\"publisher\":{\"@id\":\"https:\/\/emaginetours.com\/#organization\"},\"potentialAction\":[{\"@type\":\"SearchAction\",\"target\":{\"@type\":\"EntryPoint\",\"urlTemplate\":\"https:\/\/emaginetours.com\/?s={search_term_string}\"},\"query-input\":{\"@type\":\"PropertyValueSpecification\",\"valueRequired\":true,\"valueName\":\"search_term_string\"}}],\"inLanguage\":\"hu\"},{\"@type\":\"Organization\",\"@id\":\"https:\/\/emaginetours.com\/#organization\",\"name\":\"Emagine Tours\",\"url\":\"https:\/\/emaginetours.com\/\",\"logo\":{\"@type\":\"ImageObject\",\"inLanguage\":\"hu\",\"@id\":\"https:\/\/emaginetours.com\/#\/schema\/logo\/image\/\",\"url\":\"https:\/\/emaginetours.com\/wp-content\/uploads\/2024\/06\/emagine_logo_rides_horizontal.png\",\"contentUrl\":\"https:\/\/emaginetours.com\/wp-content\/uploads\/2024\/06\/emagine_logo_rides_horizontal.png\",\"width\":4096,\"height\":819,\"caption\":\"Emagine Tours\"},\"image\":{\"@id\":\"https:\/\/emaginetours.com\/#\/schema\/logo\/image\/\"},\"sameAs\":[\"https:\/\/www.facebook.com\/emaginetours\/\",\"https:\/\/www.tiktok.com\/@emagineridesbp\",\"https:\/\/instagram.com\/emaginerides\"]}]}<\/script>\n<!-- \/ Yoast SEO plugin. -->","yoast_head_json":{"title":"E-Scooter b\u00e9rl\u00e9s \u00e9s t\u00far\u00e1k Budapesten | E-Magine","description":"E-roller b\u00e9rl\u00e9si lehet\u0151s\u00e9geket keresel Budapesten? Seg\u00edt az E-Magine csapata! Ismerd meg a MonsteRoller e-scootereket \u00e9s a v\u00e1rosn\u00e9z\u00e9si lehet\u0151s\u00e9geket.","robots":{"index":"index","follow":"follow","max-snippet":"max-snippet:-1","max-image-preview":"max-image-preview:large","max-video-preview":"max-video-preview:-1"},"canonical":"https:\/\/emaginetours.com\/hu\/","og_locale":"hu_HU","og_type":"article","og_title":"E-Scooter b\u00e9rl\u00e9s \u00e9s t\u00far\u00e1k Budapesten | E-Magine","og_description":"E-roller b\u00e9rl\u00e9si lehet\u0151s\u00e9geket keresel Budapesten? Seg\u00edt az E-Magine csapata! Ismerd meg a MonsteRoller e-scootereket \u00e9s a v\u00e1rosn\u00e9z\u00e9si lehet\u0151s\u00e9geket.","og_url":"https:\/\/emaginetours.com\/hu\/","og_site_name":"Emagine Rides Budapest","article_publisher":"https:\/\/www.facebook.com\/emaginetours\/","article_modified_time":"2024-11-06T08:21:05+00:00","og_image":[{"width":1920,"height":1080,"url":"https:\/\/emaginetours.com\/wp-content\/uploads\/2024\/04\/rides-00.jpg","type":"image\/jpeg"}],"twitter_card":"summary_large_image","twitter_misc":{"Becs\u00fclt olvas\u00e1si id\u0151":"5 perc"},"schema":{"@context":"https:\/\/schema.org","@graph":[{"@type":"WebPage","@id":"https:\/\/emaginetours.com\/hu\/","url":"https:\/\/emaginetours.com\/hu\/","name":"E-Scooter b\u00e9rl\u00e9s \u00e9s t\u00far\u00e1k Budapesten | E-Magine","isPartOf":{"@id":"https:\/\/emaginetours.com\/#website"},"primaryImageOfPage":{"@id":"https:\/\/emaginetours.com\/hu\/#primaryimage"},"image":{"@id":"https:\/\/emaginetours.com\/hu\/#primaryimage"},"thumbnailUrl":"https:\/\/emaginetours.com\/wp-content\/uploads\/2024\/04\/rides-00.jpg","datePublished":"2022-06-20T07:00:45+00:00","dateModified":"2024-11-06T08:21:05+00:00","description":"E-roller b\u00e9rl\u00e9si lehet\u0151s\u00e9geket keresel Budapesten? Seg\u00edt az E-Magine csapata! Ismerd meg a MonsteRoller e-scootereket \u00e9s a v\u00e1rosn\u00e9z\u00e9si lehet\u0151s\u00e9geket.","breadcrumb":{"@id":"https:\/\/emaginetours.com\/hu\/#breadcrumb"},"inLanguage":"hu","potentialAction":[{"@type":"ReadAction","target":["https:\/\/emaginetours.com\/hu\/"]}]},{"@type":"ImageObject","inLanguage":"hu","@id":"https:\/\/emaginetours.com\/hu\/#primaryimage","url":"https:\/\/emaginetours.com\/wp-content\/uploads\/2024\/04\/rides-00.jpg","contentUrl":"https:\/\/emaginetours.com\/wp-content\/uploads\/2024\/04\/rides-00.jpg","width":1920,"height":1080,"caption":"N\u00e9gy ember elektromos robog\u00f3val \u00fcl egy naps\u00fct\u00e9ses napon, vaskorl\u00e1ttal \u00e9s \u00e9p\u00fcletekkel a h\u00e1tt\u00e9rben."},{"@type":"BreadcrumbList","@id":"https:\/\/emaginetours.com\/hu\/#breadcrumb","itemListElement":[{"@type":"ListItem","position":1,"name":"Home","item":"https:\/\/emaginetours.com\/hu\/"},{"@type":"ListItem","position":2,"name":"Kezd\u0151lap"}]},{"@type":"WebSite","@id":"https:\/\/emaginetours.com\/#website","url":"https:\/\/emaginetours.com\/","name":"Emagine Tours","description":"E-Scooter &amp; E-Bike Tours and Rentals in Budapest","publisher":{"@id":"https:\/\/emaginetours.com\/#organization"},"potentialAction":[{"@type":"SearchAction","target":{"@type":"EntryPoint","urlTemplate":"https:\/\/emaginetours.com\/?s={search_term_string}"},"query-input":{"@type":"PropertyValueSpecification","valueRequired":true,"valueName":"search_term_string"}}],"inLanguage":"hu"},{"@type":"Organization","@id":"https:\/\/emaginetours.com\/#organization","name":"Emagine Tours","url":"https:\/\/emaginetours.com\/","logo":{"@type":"ImageObject","inLanguage":"hu","@id":"https:\/\/emaginetours.com\/#\/schema\/logo\/image\/","url":"https:\/\/emaginetours.com\/wp-content\/uploads\/2024\/06\/emagine_logo_rides_horizontal.png","contentUrl":"https:\/\/emaginetours.com\/wp-content\/uploads\/2024\/06\/emagine_logo_rides_horizontal.png","width":4096,"height":819,"caption":"Emagine Tours"},"image":{"@id":"https:\/\/emaginetours.com\/#\/schema\/logo\/image\/"},"sameAs":["https:\/\/www.facebook.com\/emaginetours\/","https:\/\/www.tiktok.com\/@emagineridesbp","https:\/\/instagram.com\/emaginerides"]}]}},"_links":{"self":[{"href":"https:\/\/emaginetours.com\/hu\/wp-json\/wp\/v2\/pages\/21411","targetHints":{"allow":["GET"]}}],"collection":[{"href":"https:\/\/emaginetours.com\/hu\/wp-json\/wp\/v2\/pages"}],"about":[{"href":"https:\/\/emaginetours.com\/hu\/wp-json\/wp\/v2\/types\/page"}],"author":[{"embeddable":true,"href":"https:\/\/emaginetours.com\/hu\/wp-json\/wp\/v2\/users\/1"}],"replies":[{"embeddable":true,"href":"https:\/\/emaginetours.com\/hu\/wp-json\/wp\/v2\/comments?post=21411"}],"version-history":[{"count":5,"href":"https:\/\/emaginetours.com\/hu\/wp-json\/wp\/v2\/pages\/21411\/revisions"}],"predecessor-version":[{"id":22619,"href":"https:\/\/emaginetours.com\/hu\/wp-json\/wp\/v2\/pages\/21411\/revisions\/22619"}],"wp:featuredmedia":[{"embeddable":true,"href":"https:\/\/emaginetours.com\/hu\/wp-json\/wp\/v2\/media\/21156"}],"wp:attachment":[{"href":"https:\/\/emaginetours.com\/hu\/wp-json\/wp\/v2\/media?parent=21411"}],"curies":[{"name":"wp","href":"https:\/\/api.w.org\/{rel}","templated":true}]}}