{"id":21406,"date":"2022-08-31T15:17:30","date_gmt":"2022-08-31T13:17:30","guid":{"rendered":"https:\/\/emaginetours.tourismmarketing.agency\/kapcsolatfelvetel\/"},"modified":"2025-11-30T15:50:29","modified_gmt":"2025-11-30T14:50:29","slug":"kapcsolatfelvetel","status":"publish","type":"page","link":"https:\/\/emaginetours.com\/hu\/kapcsolatfelvetel\/","title":{"rendered":"Kapcsolat"},"content":{"rendered":"\n\n","protected":false},"excerpt":{"rendered":"","protected":false},"author":1,"featured_media":21175,"parent":0,"menu_order":0,"comment_status":"closed","ping_status":"closed","template":"","meta":{"inline_featured_image":false,"footnotes":""},"class_list":["post-21406","page","type-page","status-publish","has-post-thumbnail","hentry"],"yoast_head":"<!-- This site is optimized with the Yoast SEO plugin v27.2 - https:\/\/yoast.com\/product\/yoast-seo-wordpress\/ -->\n<title>Kapcsolat | E-Magine Rides Budapest<\/title>\n<meta name=\"description\" content=\"K\u00e9rd\u00e9sed van a lefoglalt e-scooter b\u00e9rl\u00e9ssel vagy v\u00e1rosn\u00e9z\u0151 t\u00far\u00e1val kapcsolatban? Priv\u00e1t t\u00far\u00e1t szeretn\u00e9l foglalni? Vedd fel vel\u00fcnk a kapcsolatot!\" \/>\n<meta name=\"robots\" content=\"index, follow, max-snippet:-1, max-image-preview:large, max-video-preview:-1\" \/>\n<link rel=\"canonical\" href=\"https:\/\/emaginetours.com\/hu\/kapcsolatfelvetel\/\" \/>\n<meta property=\"og:locale\" content=\"hu_HU\" \/>\n<meta property=\"og:type\" content=\"article\" \/>\n<meta property=\"og:title\" content=\"Kapcsolat | E-Magine Rides Budapest\" \/>\n<meta property=\"og:description\" content=\"K\u00e9rd\u00e9sed van a lefoglalt e-scooter b\u00e9rl\u00e9ssel vagy v\u00e1rosn\u00e9z\u0151 t\u00far\u00e1val kapcsolatban? Priv\u00e1t t\u00far\u00e1t szeretn\u00e9l foglalni? Vedd fel vel\u00fcnk a kapcsolatot!\" \/>\n<meta property=\"og:url\" content=\"https:\/\/emaginetours.com\/hu\/kapcsolatfelvetel\/\" \/>\n<meta property=\"og:site_name\" content=\"Emagine Rides Budapest\" \/>\n<meta property=\"article:publisher\" content=\"https:\/\/www.facebook.com\/emaginetours\/\" \/>\n<meta property=\"article:modified_time\" content=\"2025-11-30T14:50:29+00:00\" \/>\n<meta property=\"og:image\" content=\"https:\/\/emaginetours.com\/wp-content\/uploads\/2024\/04\/contact-cover-new-02.jpeg\" \/>\n\t<meta property=\"og:image:width\" content=\"1920\" \/>\n\t<meta property=\"og:image:height\" content=\"1080\" \/>\n\t<meta property=\"og:image:type\" content=\"image\/jpeg\" \/>\n<meta name=\"twitter:card\" content=\"summary_large_image\" \/>\n<meta name=\"twitter:label1\" content=\"Becs\u00fclt olvas\u00e1si id\u0151\" \/>\n\t<meta name=\"twitter:data1\" content=\"1 perc\" \/>\n<script type=\"application\/ld+json\" class=\"yoast-schema-graph\">{\"@context\":\"https:\/\/schema.org\",\"@graph\":[{\"@type\":\"WebPage\",\"@id\":\"https:\/\/emaginetours.com\/hu\/kapcsolatfelvetel\/\",\"url\":\"https:\/\/emaginetours.com\/hu\/kapcsolatfelvetel\/\",\"name\":\"Kapcsolat | E-Magine Rides Budapest\",\"isPartOf\":{\"@id\":\"https:\/\/emaginetours.com\/#website\"},\"primaryImageOfPage\":{\"@id\":\"https:\/\/emaginetours.com\/hu\/kapcsolatfelvetel\/#primaryimage\"},\"image\":{\"@id\":\"https:\/\/emaginetours.com\/hu\/kapcsolatfelvetel\/#primaryimage\"},\"thumbnailUrl\":\"https:\/\/emaginetours.com\/wp-content\/uploads\/2024\/04\/contact-cover-new-02.jpeg\",\"datePublished\":\"2022-08-31T13:17:30+00:00\",\"dateModified\":\"2025-11-30T14:50:29+00:00\",\"description\":\"K\u00e9rd\u00e9sed van a lefoglalt e-scooter b\u00e9rl\u00e9ssel vagy v\u00e1rosn\u00e9z\u0151 t\u00far\u00e1val kapcsolatban? Priv\u00e1t t\u00far\u00e1t szeretn\u00e9l foglalni? Vedd fel vel\u00fcnk a kapcsolatot!\",\"breadcrumb\":{\"@id\":\"https:\/\/emaginetours.com\/hu\/kapcsolatfelvetel\/#breadcrumb\"},\"inLanguage\":\"hu\",\"potentialAction\":[{\"@type\":\"ReadAction\",\"target\":[\"https:\/\/emaginetours.com\/hu\/kapcsolatfelvetel\/\"]}]},{\"@type\":\"ImageObject\",\"inLanguage\":\"hu\",\"@id\":\"https:\/\/emaginetours.com\/hu\/kapcsolatfelvetel\/#primaryimage\",\"url\":\"https:\/\/emaginetours.com\/wp-content\/uploads\/2024\/04\/contact-cover-new-02.jpeg\",\"contentUrl\":\"https:\/\/emaginetours.com\/wp-content\/uploads\/2024\/04\/contact-cover-new-02.jpeg\",\"width\":1920,\"height\":1080,\"caption\":\"K\u00e9t ember \u00e1ll egy recepci\u00f3s pult m\u00f6g\u00f6tt egy vil\u00e1gos szob\u00e1ban, amelynek mindk\u00e9t oldal\u00e1n t\u00f6bb k\u00fcl\u00f6nb\u00f6z\u0151 sz\u00ednben l\u00e1that\u00f3 elektromos robog\u00f3 tal\u00e1lhat\u00f3. A m\u00f6g\u00f6tt\u00fck l\u00e9v\u0151 falon az \\\"E-MAGINE\\\" log\u00f3, egy kis monitor \u00e9s egy \\\"Kapcsolat\\\" felirat l\u00e1that\u00f3.\"},{\"@type\":\"BreadcrumbList\",\"@id\":\"https:\/\/emaginetours.com\/hu\/kapcsolatfelvetel\/#breadcrumb\",\"itemListElement\":[{\"@type\":\"ListItem\",\"position\":1,\"name\":\"Home\",\"item\":\"https:\/\/emaginetours.com\/hu\/\"},{\"@type\":\"ListItem\",\"position\":2,\"name\":\"Kapcsolat\"}]},{\"@type\":\"WebSite\",\"@id\":\"https:\/\/emaginetours.com\/#website\",\"url\":\"https:\/\/emaginetours.com\/\",\"name\":\"Emagine Tours\",\"description\":\"E-Scooter &amp; E-Bike Tours and Rentals in Budapest\",\"publisher\":{\"@id\":\"https:\/\/emaginetours.com\/#organization\"},\"potentialAction\":[{\"@type\":\"SearchAction\",\"target\":{\"@type\":\"EntryPoint\",\"urlTemplate\":\"https:\/\/emaginetours.com\/?s={search_term_string}\"},\"query-input\":{\"@type\":\"PropertyValueSpecification\",\"valueRequired\":true,\"valueName\":\"search_term_string\"}}],\"inLanguage\":\"hu\"},{\"@type\":\"Organization\",\"@id\":\"https:\/\/emaginetours.com\/#organization\",\"name\":\"Emagine Tours\",\"url\":\"https:\/\/emaginetours.com\/\",\"logo\":{\"@type\":\"ImageObject\",\"inLanguage\":\"hu\",\"@id\":\"https:\/\/emaginetours.com\/#\/schema\/logo\/image\/\",\"url\":\"https:\/\/emaginetours.com\/wp-content\/uploads\/2024\/06\/emagine_logo_rides_horizontal.png\",\"contentUrl\":\"https:\/\/emaginetours.com\/wp-content\/uploads\/2024\/06\/emagine_logo_rides_horizontal.png\",\"width\":4096,\"height\":819,\"caption\":\"Emagine Tours\"},\"image\":{\"@id\":\"https:\/\/emaginetours.com\/#\/schema\/logo\/image\/\"},\"sameAs\":[\"https:\/\/www.facebook.com\/emaginetours\/\",\"https:\/\/www.tiktok.com\/@emagineridesbp\",\"https:\/\/instagram.com\/emaginerides\"]}]}<\/script>\n<!-- \/ Yoast SEO plugin. -->","yoast_head_json":{"title":"Kapcsolat | E-Magine Rides Budapest","description":"K\u00e9rd\u00e9sed van a lefoglalt e-scooter b\u00e9rl\u00e9ssel vagy v\u00e1rosn\u00e9z\u0151 t\u00far\u00e1val kapcsolatban? Priv\u00e1t t\u00far\u00e1t szeretn\u00e9l foglalni? Vedd fel vel\u00fcnk a kapcsolatot!","robots":{"index":"index","follow":"follow","max-snippet":"max-snippet:-1","max-image-preview":"max-image-preview:large","max-video-preview":"max-video-preview:-1"},"canonical":"https:\/\/emaginetours.com\/hu\/kapcsolatfelvetel\/","og_locale":"hu_HU","og_type":"article","og_title":"Kapcsolat | E-Magine Rides Budapest","og_description":"K\u00e9rd\u00e9sed van a lefoglalt e-scooter b\u00e9rl\u00e9ssel vagy v\u00e1rosn\u00e9z\u0151 t\u00far\u00e1val kapcsolatban? Priv\u00e1t t\u00far\u00e1t szeretn\u00e9l foglalni? Vedd fel vel\u00fcnk a kapcsolatot!","og_url":"https:\/\/emaginetours.com\/hu\/kapcsolatfelvetel\/","og_site_name":"Emagine Rides Budapest","article_publisher":"https:\/\/www.facebook.com\/emaginetours\/","article_modified_time":"2025-11-30T14:50:29+00:00","og_image":[{"width":1920,"height":1080,"url":"https:\/\/emaginetours.com\/wp-content\/uploads\/2024\/04\/contact-cover-new-02.jpeg","type":"image\/jpeg"}],"twitter_card":"summary_large_image","twitter_misc":{"Becs\u00fclt olvas\u00e1si id\u0151":"1 perc"},"schema":{"@context":"https:\/\/schema.org","@graph":[{"@type":"WebPage","@id":"https:\/\/emaginetours.com\/hu\/kapcsolatfelvetel\/","url":"https:\/\/emaginetours.com\/hu\/kapcsolatfelvetel\/","name":"Kapcsolat | E-Magine Rides Budapest","isPartOf":{"@id":"https:\/\/emaginetours.com\/#website"},"primaryImageOfPage":{"@id":"https:\/\/emaginetours.com\/hu\/kapcsolatfelvetel\/#primaryimage"},"image":{"@id":"https:\/\/emaginetours.com\/hu\/kapcsolatfelvetel\/#primaryimage"},"thumbnailUrl":"https:\/\/emaginetours.com\/wp-content\/uploads\/2024\/04\/contact-cover-new-02.jpeg","datePublished":"2022-08-31T13:17:30+00:00","dateModified":"2025-11-30T14:50:29+00:00","description":"K\u00e9rd\u00e9sed van a lefoglalt e-scooter b\u00e9rl\u00e9ssel vagy v\u00e1rosn\u00e9z\u0151 t\u00far\u00e1val kapcsolatban? Priv\u00e1t t\u00far\u00e1t szeretn\u00e9l foglalni? Vedd fel vel\u00fcnk a kapcsolatot!","breadcrumb":{"@id":"https:\/\/emaginetours.com\/hu\/kapcsolatfelvetel\/#breadcrumb"},"inLanguage":"hu","potentialAction":[{"@type":"ReadAction","target":["https:\/\/emaginetours.com\/hu\/kapcsolatfelvetel\/"]}]},{"@type":"ImageObject","inLanguage":"hu","@id":"https:\/\/emaginetours.com\/hu\/kapcsolatfelvetel\/#primaryimage","url":"https:\/\/emaginetours.com\/wp-content\/uploads\/2024\/04\/contact-cover-new-02.jpeg","contentUrl":"https:\/\/emaginetours.com\/wp-content\/uploads\/2024\/04\/contact-cover-new-02.jpeg","width":1920,"height":1080,"caption":"K\u00e9t ember \u00e1ll egy recepci\u00f3s pult m\u00f6g\u00f6tt egy vil\u00e1gos szob\u00e1ban, amelynek mindk\u00e9t oldal\u00e1n t\u00f6bb k\u00fcl\u00f6nb\u00f6z\u0151 sz\u00ednben l\u00e1that\u00f3 elektromos robog\u00f3 tal\u00e1lhat\u00f3. A m\u00f6g\u00f6tt\u00fck l\u00e9v\u0151 falon az \"E-MAGINE\" log\u00f3, egy kis monitor \u00e9s egy \"Kapcsolat\" felirat l\u00e1that\u00f3."},{"@type":"BreadcrumbList","@id":"https:\/\/emaginetours.com\/hu\/kapcsolatfelvetel\/#breadcrumb","itemListElement":[{"@type":"ListItem","position":1,"name":"Home","item":"https:\/\/emaginetours.com\/hu\/"},{"@type":"ListItem","position":2,"name":"Kapcsolat"}]},{"@type":"WebSite","@id":"https:\/\/emaginetours.com\/#website","url":"https:\/\/emaginetours.com\/","name":"Emagine Tours","description":"E-Scooter &amp; E-Bike Tours and Rentals in Budapest","publisher":{"@id":"https:\/\/emaginetours.com\/#organization"},"potentialAction":[{"@type":"SearchAction","target":{"@type":"EntryPoint","urlTemplate":"https:\/\/emaginetours.com\/?s={search_term_string}"},"query-input":{"@type":"PropertyValueSpecification","valueRequired":true,"valueName":"search_term_string"}}],"inLanguage":"hu"},{"@type":"Organization","@id":"https:\/\/emaginetours.com\/#organization","name":"Emagine Tours","url":"https:\/\/emaginetours.com\/","logo":{"@type":"ImageObject","inLanguage":"hu","@id":"https:\/\/emaginetours.com\/#\/schema\/logo\/image\/","url":"https:\/\/emaginetours.com\/wp-content\/uploads\/2024\/06\/emagine_logo_rides_horizontal.png","contentUrl":"https:\/\/emaginetours.com\/wp-content\/uploads\/2024\/06\/emagine_logo_rides_horizontal.png","width":4096,"height":819,"caption":"Emagine Tours"},"image":{"@id":"https:\/\/emaginetours.com\/#\/schema\/logo\/image\/"},"sameAs":["https:\/\/www.facebook.com\/emaginetours\/","https:\/\/www.tiktok.com\/@emagineridesbp","https:\/\/instagram.com\/emaginerides"]}]}},"_links":{"self":[{"href":"https:\/\/emaginetours.com\/hu\/wp-json\/wp\/v2\/pages\/21406","targetHints":{"allow":["GET"]}}],"collection":[{"href":"https:\/\/emaginetours.com\/hu\/wp-json\/wp\/v2\/pages"}],"about":[{"href":"https:\/\/emaginetours.com\/hu\/wp-json\/wp\/v2\/types\/page"}],"author":[{"embeddable":true,"href":"https:\/\/emaginetours.com\/hu\/wp-json\/wp\/v2\/users\/1"}],"replies":[{"embeddable":true,"href":"https:\/\/emaginetours.com\/hu\/wp-json\/wp\/v2\/comments?post=21406"}],"version-history":[{"count":5,"href":"https:\/\/emaginetours.com\/hu\/wp-json\/wp\/v2\/pages\/21406\/revisions"}],"predecessor-version":[{"id":23368,"href":"https:\/\/emaginetours.com\/hu\/wp-json\/wp\/v2\/pages\/21406\/revisions\/23368"}],"wp:featuredmedia":[{"embeddable":true,"href":"https:\/\/emaginetours.com\/hu\/wp-json\/wp\/v2\/media\/21175"}],"wp:attachment":[{"href":"https:\/\/emaginetours.com\/hu\/wp-json\/wp\/v2\/media?parent=21406"}],"curies":[{"name":"wp","href":"https:\/\/api.w.org\/{rel}","templated":true}]}}