{"id":21405,"date":"2022-08-31T15:23:04","date_gmt":"2022-08-31T14:23:04","guid":{"rendered":"https:\/\/emaginetours.tourismmarketing.agency\/velemenyeink\/"},"modified":"2024-11-06T08:22:03","modified_gmt":"2024-11-06T08:22:03","slug":"velemenyeink","status":"publish","type":"page","link":"https:\/\/emaginetours.com\/hu\/velemenyeink\/","title":{"rendered":"\u00c9rt\u00e9kel\u00e9sek"},"content":{"rendered":"","protected":false},"excerpt":{"rendered":"","protected":false},"author":1,"featured_media":21112,"parent":0,"menu_order":0,"comment_status":"closed","ping_status":"closed","template":"","meta":{"inline_featured_image":false,"footnotes":""},"class_list":["post-21405","page","type-page","status-publish","has-post-thumbnail","hentry"],"yoast_head":"<!-- This site is optimized with the Yoast SEO plugin v27.2 - https:\/\/yoast.com\/product\/yoast-seo-wordpress\/ -->\n<title>\u00c9rt\u00e9kel\u00e9sek | E-Magine Tours<\/title>\n<meta name=\"description\" content=\"Szeretn\u00e9d teljes nyugalommal felfedezni Budapestet? Az E-Magine-n\u00e1l az\u00e9rt vagyunk, hogy seg\u00edts\u00fcnk! Olvasd el a vend\u00e9geink \u00e1ltal \u00edrt v\u00e9lem\u00e9nyeket \u00e9s tudd meg, hogyan \u00e9rt\u00e9kelik szolg\u00e1ltat\u00e1sainkat.\" \/>\n<meta name=\"robots\" content=\"index, follow, max-snippet:-1, max-image-preview:large, max-video-preview:-1\" \/>\n<link rel=\"canonical\" href=\"https:\/\/emaginetours.com\/hu\/velemenyeink\/\" \/>\n<meta property=\"og:locale\" content=\"hu_HU\" \/>\n<meta property=\"og:type\" content=\"article\" \/>\n<meta property=\"og:title\" content=\"\u00c9rt\u00e9kel\u00e9sek | E-Magine Tours\" \/>\n<meta property=\"og:description\" content=\"Szeretn\u00e9d teljes nyugalommal felfedezni Budapestet? Az E-Magine-n\u00e1l az\u00e9rt vagyunk, hogy seg\u00edts\u00fcnk! Olvasd el a vend\u00e9geink \u00e1ltal \u00edrt v\u00e9lem\u00e9nyeket \u00e9s tudd meg, hogyan \u00e9rt\u00e9kelik szolg\u00e1ltat\u00e1sainkat.\" \/>\n<meta property=\"og:url\" content=\"https:\/\/emaginetours.com\/hu\/velemenyeink\/\" \/>\n<meta property=\"og:site_name\" content=\"Emagine Rides Budapest\" \/>\n<meta property=\"article:publisher\" content=\"https:\/\/www.facebook.com\/emaginetours\/\" \/>\n<meta property=\"article:modified_time\" content=\"2024-11-06T08:22:03+00:00\" \/>\n<meta property=\"og:image\" content=\"https:\/\/emaginetours.com\/wp-content\/uploads\/2024\/04\/budapest-heroes-square-tour-08.jpeg\" \/>\n\t<meta property=\"og:image:width\" content=\"1920\" \/>\n\t<meta property=\"og:image:height\" content=\"1080\" \/>\n\t<meta property=\"og:image:type\" content=\"image\/jpeg\" \/>\n<meta name=\"twitter:card\" content=\"summary_large_image\" \/>\n<meta name=\"twitter:label1\" content=\"Becs\u00fclt olvas\u00e1si id\u0151\" \/>\n\t<meta name=\"twitter:data1\" content=\"5 perc\" \/>\n<script type=\"application\/ld+json\" class=\"yoast-schema-graph\">{\"@context\":\"https:\/\/schema.org\",\"@graph\":[{\"@type\":\"WebPage\",\"@id\":\"https:\/\/emaginetours.com\/hu\/velemenyeink\/\",\"url\":\"https:\/\/emaginetours.com\/hu\/velemenyeink\/\",\"name\":\"\u00c9rt\u00e9kel\u00e9sek | E-Magine Tours\",\"isPartOf\":{\"@id\":\"https:\/\/emaginetours.com\/#website\"},\"primaryImageOfPage\":{\"@id\":\"https:\/\/emaginetours.com\/hu\/velemenyeink\/#primaryimage\"},\"image\":{\"@id\":\"https:\/\/emaginetours.com\/hu\/velemenyeink\/#primaryimage\"},\"thumbnailUrl\":\"https:\/\/emaginetours.com\/wp-content\/uploads\/2024\/04\/budapest-heroes-square-tour-08.jpeg\",\"datePublished\":\"2022-08-31T14:23:04+00:00\",\"dateModified\":\"2024-11-06T08:22:03+00:00\",\"description\":\"Szeretn\u00e9d teljes nyugalommal felfedezni Budapestet? Az E-Magine-n\u00e1l az\u00e9rt vagyunk, hogy seg\u00edts\u00fcnk! Olvasd el a vend\u00e9geink \u00e1ltal \u00edrt v\u00e9lem\u00e9nyeket \u00e9s tudd meg, hogyan \u00e9rt\u00e9kelik szolg\u00e1ltat\u00e1sainkat.\",\"breadcrumb\":{\"@id\":\"https:\/\/emaginetours.com\/hu\/velemenyeink\/#breadcrumb\"},\"inLanguage\":\"hu\",\"potentialAction\":[{\"@type\":\"ReadAction\",\"target\":[\"https:\/\/emaginetours.com\/hu\/velemenyeink\/\"]}]},{\"@type\":\"ImageObject\",\"inLanguage\":\"hu\",\"@id\":\"https:\/\/emaginetours.com\/hu\/velemenyeink\/#primaryimage\",\"url\":\"https:\/\/emaginetours.com\/wp-content\/uploads\/2024\/04\/budapest-heroes-square-tour-08.jpeg\",\"contentUrl\":\"https:\/\/emaginetours.com\/wp-content\/uploads\/2024\/04\/budapest-heroes-square-tour-08.jpeg\",\"width\":1920,\"height\":1080,\"caption\":\"Egy csapat elektromos robog\u00f3n p\u00f3zol \u00e9s felemeli a karj\u00e1t egy nagy kast\u00e9lyszer\u0171 \u00e9p\u00edtm\u00e9ny el\u0151tt egy naps\u00fct\u00e9ses napon.\"},{\"@type\":\"BreadcrumbList\",\"@id\":\"https:\/\/emaginetours.com\/hu\/velemenyeink\/#breadcrumb\",\"itemListElement\":[{\"@type\":\"ListItem\",\"position\":1,\"name\":\"Home\",\"item\":\"https:\/\/emaginetours.com\/hu\/\"},{\"@type\":\"ListItem\",\"position\":2,\"name\":\"\u00c9rt\u00e9kel\u00e9sek\"}]},{\"@type\":\"WebSite\",\"@id\":\"https:\/\/emaginetours.com\/#website\",\"url\":\"https:\/\/emaginetours.com\/\",\"name\":\"Emagine Tours\",\"description\":\"E-Scooter &amp; E-Bike Tours and Rentals in Budapest\",\"publisher\":{\"@id\":\"https:\/\/emaginetours.com\/#organization\"},\"potentialAction\":[{\"@type\":\"SearchAction\",\"target\":{\"@type\":\"EntryPoint\",\"urlTemplate\":\"https:\/\/emaginetours.com\/?s={search_term_string}\"},\"query-input\":{\"@type\":\"PropertyValueSpecification\",\"valueRequired\":true,\"valueName\":\"search_term_string\"}}],\"inLanguage\":\"hu\"},{\"@type\":\"Organization\",\"@id\":\"https:\/\/emaginetours.com\/#organization\",\"name\":\"Emagine Tours\",\"url\":\"https:\/\/emaginetours.com\/\",\"logo\":{\"@type\":\"ImageObject\",\"inLanguage\":\"hu\",\"@id\":\"https:\/\/emaginetours.com\/#\/schema\/logo\/image\/\",\"url\":\"https:\/\/emaginetours.com\/wp-content\/uploads\/2024\/06\/emagine_logo_rides_horizontal.png\",\"contentUrl\":\"https:\/\/emaginetours.com\/wp-content\/uploads\/2024\/06\/emagine_logo_rides_horizontal.png\",\"width\":4096,\"height\":819,\"caption\":\"Emagine Tours\"},\"image\":{\"@id\":\"https:\/\/emaginetours.com\/#\/schema\/logo\/image\/\"},\"sameAs\":[\"https:\/\/www.facebook.com\/emaginetours\/\",\"https:\/\/www.tiktok.com\/@emagineridesbp\",\"https:\/\/instagram.com\/emaginerides\"]}]}<\/script>\n<!-- \/ Yoast SEO plugin. -->","yoast_head_json":{"title":"\u00c9rt\u00e9kel\u00e9sek | E-Magine Tours","description":"Szeretn\u00e9d teljes nyugalommal felfedezni Budapestet? Az E-Magine-n\u00e1l az\u00e9rt vagyunk, hogy seg\u00edts\u00fcnk! Olvasd el a vend\u00e9geink \u00e1ltal \u00edrt v\u00e9lem\u00e9nyeket \u00e9s tudd meg, hogyan \u00e9rt\u00e9kelik szolg\u00e1ltat\u00e1sainkat.","robots":{"index":"index","follow":"follow","max-snippet":"max-snippet:-1","max-image-preview":"max-image-preview:large","max-video-preview":"max-video-preview:-1"},"canonical":"https:\/\/emaginetours.com\/hu\/velemenyeink\/","og_locale":"hu_HU","og_type":"article","og_title":"\u00c9rt\u00e9kel\u00e9sek | E-Magine Tours","og_description":"Szeretn\u00e9d teljes nyugalommal felfedezni Budapestet? Az E-Magine-n\u00e1l az\u00e9rt vagyunk, hogy seg\u00edts\u00fcnk! Olvasd el a vend\u00e9geink \u00e1ltal \u00edrt v\u00e9lem\u00e9nyeket \u00e9s tudd meg, hogyan \u00e9rt\u00e9kelik szolg\u00e1ltat\u00e1sainkat.","og_url":"https:\/\/emaginetours.com\/hu\/velemenyeink\/","og_site_name":"Emagine Rides Budapest","article_publisher":"https:\/\/www.facebook.com\/emaginetours\/","article_modified_time":"2024-11-06T08:22:03+00:00","og_image":[{"width":1920,"height":1080,"url":"https:\/\/emaginetours.com\/wp-content\/uploads\/2024\/04\/budapest-heroes-square-tour-08.jpeg","type":"image\/jpeg"}],"twitter_card":"summary_large_image","twitter_misc":{"Becs\u00fclt olvas\u00e1si id\u0151":"5 perc"},"schema":{"@context":"https:\/\/schema.org","@graph":[{"@type":"WebPage","@id":"https:\/\/emaginetours.com\/hu\/velemenyeink\/","url":"https:\/\/emaginetours.com\/hu\/velemenyeink\/","name":"\u00c9rt\u00e9kel\u00e9sek | E-Magine Tours","isPartOf":{"@id":"https:\/\/emaginetours.com\/#website"},"primaryImageOfPage":{"@id":"https:\/\/emaginetours.com\/hu\/velemenyeink\/#primaryimage"},"image":{"@id":"https:\/\/emaginetours.com\/hu\/velemenyeink\/#primaryimage"},"thumbnailUrl":"https:\/\/emaginetours.com\/wp-content\/uploads\/2024\/04\/budapest-heroes-square-tour-08.jpeg","datePublished":"2022-08-31T14:23:04+00:00","dateModified":"2024-11-06T08:22:03+00:00","description":"Szeretn\u00e9d teljes nyugalommal felfedezni Budapestet? Az E-Magine-n\u00e1l az\u00e9rt vagyunk, hogy seg\u00edts\u00fcnk! Olvasd el a vend\u00e9geink \u00e1ltal \u00edrt v\u00e9lem\u00e9nyeket \u00e9s tudd meg, hogyan \u00e9rt\u00e9kelik szolg\u00e1ltat\u00e1sainkat.","breadcrumb":{"@id":"https:\/\/emaginetours.com\/hu\/velemenyeink\/#breadcrumb"},"inLanguage":"hu","potentialAction":[{"@type":"ReadAction","target":["https:\/\/emaginetours.com\/hu\/velemenyeink\/"]}]},{"@type":"ImageObject","inLanguage":"hu","@id":"https:\/\/emaginetours.com\/hu\/velemenyeink\/#primaryimage","url":"https:\/\/emaginetours.com\/wp-content\/uploads\/2024\/04\/budapest-heroes-square-tour-08.jpeg","contentUrl":"https:\/\/emaginetours.com\/wp-content\/uploads\/2024\/04\/budapest-heroes-square-tour-08.jpeg","width":1920,"height":1080,"caption":"Egy csapat elektromos robog\u00f3n p\u00f3zol \u00e9s felemeli a karj\u00e1t egy nagy kast\u00e9lyszer\u0171 \u00e9p\u00edtm\u00e9ny el\u0151tt egy naps\u00fct\u00e9ses napon."},{"@type":"BreadcrumbList","@id":"https:\/\/emaginetours.com\/hu\/velemenyeink\/#breadcrumb","itemListElement":[{"@type":"ListItem","position":1,"name":"Home","item":"https:\/\/emaginetours.com\/hu\/"},{"@type":"ListItem","position":2,"name":"\u00c9rt\u00e9kel\u00e9sek"}]},{"@type":"WebSite","@id":"https:\/\/emaginetours.com\/#website","url":"https:\/\/emaginetours.com\/","name":"Emagine Tours","description":"E-Scooter &amp; E-Bike Tours and Rentals in Budapest","publisher":{"@id":"https:\/\/emaginetours.com\/#organization"},"potentialAction":[{"@type":"SearchAction","target":{"@type":"EntryPoint","urlTemplate":"https:\/\/emaginetours.com\/?s={search_term_string}"},"query-input":{"@type":"PropertyValueSpecification","valueRequired":true,"valueName":"search_term_string"}}],"inLanguage":"hu"},{"@type":"Organization","@id":"https:\/\/emaginetours.com\/#organization","name":"Emagine Tours","url":"https:\/\/emaginetours.com\/","logo":{"@type":"ImageObject","inLanguage":"hu","@id":"https:\/\/emaginetours.com\/#\/schema\/logo\/image\/","url":"https:\/\/emaginetours.com\/wp-content\/uploads\/2024\/06\/emagine_logo_rides_horizontal.png","contentUrl":"https:\/\/emaginetours.com\/wp-content\/uploads\/2024\/06\/emagine_logo_rides_horizontal.png","width":4096,"height":819,"caption":"Emagine Tours"},"image":{"@id":"https:\/\/emaginetours.com\/#\/schema\/logo\/image\/"},"sameAs":["https:\/\/www.facebook.com\/emaginetours\/","https:\/\/www.tiktok.com\/@emagineridesbp","https:\/\/instagram.com\/emaginerides"]}]}},"_links":{"self":[{"href":"https:\/\/emaginetours.com\/hu\/wp-json\/wp\/v2\/pages\/21405","targetHints":{"allow":["GET"]}}],"collection":[{"href":"https:\/\/emaginetours.com\/hu\/wp-json\/wp\/v2\/pages"}],"about":[{"href":"https:\/\/emaginetours.com\/hu\/wp-json\/wp\/v2\/types\/page"}],"author":[{"embeddable":true,"href":"https:\/\/emaginetours.com\/hu\/wp-json\/wp\/v2\/users\/1"}],"replies":[{"embeddable":true,"href":"https:\/\/emaginetours.com\/hu\/wp-json\/wp\/v2\/comments?post=21405"}],"version-history":[{"count":2,"href":"https:\/\/emaginetours.com\/hu\/wp-json\/wp\/v2\/pages\/21405\/revisions"}],"predecessor-version":[{"id":22620,"href":"https:\/\/emaginetours.com\/hu\/wp-json\/wp\/v2\/pages\/21405\/revisions\/22620"}],"wp:featuredmedia":[{"embeddable":true,"href":"https:\/\/emaginetours.com\/hu\/wp-json\/wp\/v2\/media\/21112"}],"wp:attachment":[{"href":"https:\/\/emaginetours.com\/hu\/wp-json\/wp\/v2\/media?parent=21405"}],"curies":[{"name":"wp","href":"https:\/\/api.w.org\/{rel}","templated":true}]}}