{"id":21403,"date":"2022-08-31T15:32:46","date_gmt":"2022-08-31T13:32:46","guid":{"rendered":"https:\/\/emaginetours.tourismmarketing.agency\/feltetelek-es-feltetelek\/"},"modified":"2025-09-22T12:42:38","modified_gmt":"2025-09-22T10:42:38","slug":"aszf","status":"publish","type":"page","link":"https:\/\/emaginetours.com\/hu\/aszf\/","title":{"rendered":"\u00c1SZF"},"content":{"rendered":"","protected":false},"excerpt":{"rendered":"","protected":false},"author":1,"featured_media":21150,"parent":0,"menu_order":0,"comment_status":"closed","ping_status":"closed","template":"","meta":{"inline_featured_image":false,"footnotes":""},"class_list":["post-21403","page","type-page","status-publish","has-post-thumbnail","hentry"],"yoast_head":"<!-- This site is optimized with the Yoast SEO plugin v27.2 - https:\/\/yoast.com\/product\/yoast-seo-wordpress\/ -->\n<title>\u00c1ltal\u00e1nos Szerz\u0151d\u00e9si Felt\u00e9telek - E-Magine Rides Budapest<\/title>\n<meta name=\"description\" content=\"Az E-Magine Travel Services Kft. \u00e1ltal\u00e1nos szerz\u0151d\u00e9si felt\u00e9telei. Ha b\u00e1rmilyen k\u00e9rd\u00e9se van, forduljon hozz\u00e1nk bizalommal!\" \/>\n<meta name=\"robots\" content=\"index, follow, max-snippet:-1, max-image-preview:large, max-video-preview:-1\" \/>\n<link rel=\"canonical\" href=\"https:\/\/emaginetours.com\/hu\/aszf\/\" \/>\n<meta property=\"og:locale\" content=\"hu_HU\" \/>\n<meta property=\"og:type\" content=\"article\" \/>\n<meta property=\"og:title\" content=\"\u00c1ltal\u00e1nos Szerz\u0151d\u00e9si Felt\u00e9telek - E-Magine Rides Budapest\" \/>\n<meta property=\"og:description\" content=\"Az E-Magine Travel Services Kft. \u00e1ltal\u00e1nos szerz\u0151d\u00e9si felt\u00e9telei. Ha b\u00e1rmilyen k\u00e9rd\u00e9se van, forduljon hozz\u00e1nk bizalommal!\" \/>\n<meta property=\"og:url\" content=\"https:\/\/emaginetours.com\/hu\/aszf\/\" \/>\n<meta property=\"og:site_name\" content=\"Emagine Rides Budapest\" \/>\n<meta property=\"article:publisher\" content=\"https:\/\/www.facebook.com\/emaginetours\/\" \/>\n<meta property=\"article:modified_time\" content=\"2025-09-22T10:42:38+00:00\" \/>\n<meta property=\"og:image\" content=\"https:\/\/emaginetours.com\/wp-content\/uploads\/2024\/04\/monsteroller-rides-hero-02.jpeg\" \/>\n\t<meta property=\"og:image:width\" content=\"1920\" \/>\n\t<meta property=\"og:image:height\" content=\"1080\" \/>\n\t<meta property=\"og:image:type\" content=\"image\/jpeg\" \/>\n<meta name=\"twitter:card\" content=\"summary_large_image\" \/>\n<meta name=\"twitter:label1\" content=\"Becs\u00fclt olvas\u00e1si id\u0151\" \/>\n\t<meta name=\"twitter:data1\" content=\"8 perc\" \/>\n<script type=\"application\/ld+json\" class=\"yoast-schema-graph\">{\"@context\":\"https:\/\/schema.org\",\"@graph\":[{\"@type\":\"WebPage\",\"@id\":\"https:\/\/emaginetours.com\/hu\/aszf\/\",\"url\":\"https:\/\/emaginetours.com\/hu\/aszf\/\",\"name\":\"\u00c1ltal\u00e1nos Szerz\u0151d\u00e9si Felt\u00e9telek - E-Magine Rides Budapest\",\"isPartOf\":{\"@id\":\"https:\/\/emaginetours.com\/#website\"},\"primaryImageOfPage\":{\"@id\":\"https:\/\/emaginetours.com\/hu\/aszf\/#primaryimage\"},\"image\":{\"@id\":\"https:\/\/emaginetours.com\/hu\/aszf\/#primaryimage\"},\"thumbnailUrl\":\"https:\/\/emaginetours.com\/wp-content\/uploads\/2024\/04\/monsteroller-rides-hero-02.jpeg\",\"datePublished\":\"2022-08-31T13:32:46+00:00\",\"dateModified\":\"2025-09-22T10:42:38+00:00\",\"description\":\"Az E-Magine Travel Services Kft. \u00e1ltal\u00e1nos szerz\u0151d\u00e9si felt\u00e9telei. Ha b\u00e1rmilyen k\u00e9rd\u00e9se van, forduljon hozz\u00e1nk bizalommal!\",\"breadcrumb\":{\"@id\":\"https:\/\/emaginetours.com\/hu\/aszf\/#breadcrumb\"},\"inLanguage\":\"hu\",\"potentialAction\":[{\"@type\":\"ReadAction\",\"target\":[\"https:\/\/emaginetours.com\/hu\/aszf\/\"]}]},{\"@type\":\"ImageObject\",\"inLanguage\":\"hu\",\"@id\":\"https:\/\/emaginetours.com\/hu\/aszf\/#primaryimage\",\"url\":\"https:\/\/emaginetours.com\/wp-content\/uploads\/2024\/04\/monsteroller-rides-hero-02.jpeg\",\"contentUrl\":\"https:\/\/emaginetours.com\/wp-content\/uploads\/2024\/04\/monsteroller-rides-hero-02.jpeg\",\"width\":1920,\"height\":1080,\"caption\":\"Egy hatf\u0151s csoport elektromos robog\u00f3n \u00fcl egy parkban, mosolyogva p\u00f3zol a kamer\u00e1nak. A nap lemen\u0151ben meleg f\u00e9nyt vet a jelenetre.\"},{\"@type\":\"BreadcrumbList\",\"@id\":\"https:\/\/emaginetours.com\/hu\/aszf\/#breadcrumb\",\"itemListElement\":[{\"@type\":\"ListItem\",\"position\":1,\"name\":\"Home\",\"item\":\"https:\/\/emaginetours.com\/hu\/\"},{\"@type\":\"ListItem\",\"position\":2,\"name\":\"\u00c1SZF\"}]},{\"@type\":\"WebSite\",\"@id\":\"https:\/\/emaginetours.com\/#website\",\"url\":\"https:\/\/emaginetours.com\/\",\"name\":\"Emagine Tours\",\"description\":\"E-Scooter &amp; E-Bike Tours and Rentals in Budapest\",\"publisher\":{\"@id\":\"https:\/\/emaginetours.com\/#organization\"},\"potentialAction\":[{\"@type\":\"SearchAction\",\"target\":{\"@type\":\"EntryPoint\",\"urlTemplate\":\"https:\/\/emaginetours.com\/?s={search_term_string}\"},\"query-input\":{\"@type\":\"PropertyValueSpecification\",\"valueRequired\":true,\"valueName\":\"search_term_string\"}}],\"inLanguage\":\"hu\"},{\"@type\":\"Organization\",\"@id\":\"https:\/\/emaginetours.com\/#organization\",\"name\":\"Emagine Tours\",\"url\":\"https:\/\/emaginetours.com\/\",\"logo\":{\"@type\":\"ImageObject\",\"inLanguage\":\"hu\",\"@id\":\"https:\/\/emaginetours.com\/#\/schema\/logo\/image\/\",\"url\":\"https:\/\/emaginetours.com\/wp-content\/uploads\/2024\/06\/emagine_logo_rides_horizontal.png\",\"contentUrl\":\"https:\/\/emaginetours.com\/wp-content\/uploads\/2024\/06\/emagine_logo_rides_horizontal.png\",\"width\":4096,\"height\":819,\"caption\":\"Emagine Tours\"},\"image\":{\"@id\":\"https:\/\/emaginetours.com\/#\/schema\/logo\/image\/\"},\"sameAs\":[\"https:\/\/www.facebook.com\/emaginetours\/\",\"https:\/\/www.tiktok.com\/@emagineridesbp\",\"https:\/\/instagram.com\/emaginerides\"]}]}<\/script>\n<!-- \/ Yoast SEO plugin. -->","yoast_head_json":{"title":"\u00c1ltal\u00e1nos Szerz\u0151d\u00e9si Felt\u00e9telek - E-Magine Rides Budapest","description":"Az E-Magine Travel Services Kft. \u00e1ltal\u00e1nos szerz\u0151d\u00e9si felt\u00e9telei. Ha b\u00e1rmilyen k\u00e9rd\u00e9se van, forduljon hozz\u00e1nk bizalommal!","robots":{"index":"index","follow":"follow","max-snippet":"max-snippet:-1","max-image-preview":"max-image-preview:large","max-video-preview":"max-video-preview:-1"},"canonical":"https:\/\/emaginetours.com\/hu\/aszf\/","og_locale":"hu_HU","og_type":"article","og_title":"\u00c1ltal\u00e1nos Szerz\u0151d\u00e9si Felt\u00e9telek - E-Magine Rides Budapest","og_description":"Az E-Magine Travel Services Kft. \u00e1ltal\u00e1nos szerz\u0151d\u00e9si felt\u00e9telei. Ha b\u00e1rmilyen k\u00e9rd\u00e9se van, forduljon hozz\u00e1nk bizalommal!","og_url":"https:\/\/emaginetours.com\/hu\/aszf\/","og_site_name":"Emagine Rides Budapest","article_publisher":"https:\/\/www.facebook.com\/emaginetours\/","article_modified_time":"2025-09-22T10:42:38+00:00","og_image":[{"width":1920,"height":1080,"url":"https:\/\/emaginetours.com\/wp-content\/uploads\/2024\/04\/monsteroller-rides-hero-02.jpeg","type":"image\/jpeg"}],"twitter_card":"summary_large_image","twitter_misc":{"Becs\u00fclt olvas\u00e1si id\u0151":"8 perc"},"schema":{"@context":"https:\/\/schema.org","@graph":[{"@type":"WebPage","@id":"https:\/\/emaginetours.com\/hu\/aszf\/","url":"https:\/\/emaginetours.com\/hu\/aszf\/","name":"\u00c1ltal\u00e1nos Szerz\u0151d\u00e9si Felt\u00e9telek - E-Magine Rides Budapest","isPartOf":{"@id":"https:\/\/emaginetours.com\/#website"},"primaryImageOfPage":{"@id":"https:\/\/emaginetours.com\/hu\/aszf\/#primaryimage"},"image":{"@id":"https:\/\/emaginetours.com\/hu\/aszf\/#primaryimage"},"thumbnailUrl":"https:\/\/emaginetours.com\/wp-content\/uploads\/2024\/04\/monsteroller-rides-hero-02.jpeg","datePublished":"2022-08-31T13:32:46+00:00","dateModified":"2025-09-22T10:42:38+00:00","description":"Az E-Magine Travel Services Kft. \u00e1ltal\u00e1nos szerz\u0151d\u00e9si felt\u00e9telei. Ha b\u00e1rmilyen k\u00e9rd\u00e9se van, forduljon hozz\u00e1nk bizalommal!","breadcrumb":{"@id":"https:\/\/emaginetours.com\/hu\/aszf\/#breadcrumb"},"inLanguage":"hu","potentialAction":[{"@type":"ReadAction","target":["https:\/\/emaginetours.com\/hu\/aszf\/"]}]},{"@type":"ImageObject","inLanguage":"hu","@id":"https:\/\/emaginetours.com\/hu\/aszf\/#primaryimage","url":"https:\/\/emaginetours.com\/wp-content\/uploads\/2024\/04\/monsteroller-rides-hero-02.jpeg","contentUrl":"https:\/\/emaginetours.com\/wp-content\/uploads\/2024\/04\/monsteroller-rides-hero-02.jpeg","width":1920,"height":1080,"caption":"Egy hatf\u0151s csoport elektromos robog\u00f3n \u00fcl egy parkban, mosolyogva p\u00f3zol a kamer\u00e1nak. A nap lemen\u0151ben meleg f\u00e9nyt vet a jelenetre."},{"@type":"BreadcrumbList","@id":"https:\/\/emaginetours.com\/hu\/aszf\/#breadcrumb","itemListElement":[{"@type":"ListItem","position":1,"name":"Home","item":"https:\/\/emaginetours.com\/hu\/"},{"@type":"ListItem","position":2,"name":"\u00c1SZF"}]},{"@type":"WebSite","@id":"https:\/\/emaginetours.com\/#website","url":"https:\/\/emaginetours.com\/","name":"Emagine Tours","description":"E-Scooter &amp; E-Bike Tours and Rentals in Budapest","publisher":{"@id":"https:\/\/emaginetours.com\/#organization"},"potentialAction":[{"@type":"SearchAction","target":{"@type":"EntryPoint","urlTemplate":"https:\/\/emaginetours.com\/?s={search_term_string}"},"query-input":{"@type":"PropertyValueSpecification","valueRequired":true,"valueName":"search_term_string"}}],"inLanguage":"hu"},{"@type":"Organization","@id":"https:\/\/emaginetours.com\/#organization","name":"Emagine Tours","url":"https:\/\/emaginetours.com\/","logo":{"@type":"ImageObject","inLanguage":"hu","@id":"https:\/\/emaginetours.com\/#\/schema\/logo\/image\/","url":"https:\/\/emaginetours.com\/wp-content\/uploads\/2024\/06\/emagine_logo_rides_horizontal.png","contentUrl":"https:\/\/emaginetours.com\/wp-content\/uploads\/2024\/06\/emagine_logo_rides_horizontal.png","width":4096,"height":819,"caption":"Emagine Tours"},"image":{"@id":"https:\/\/emaginetours.com\/#\/schema\/logo\/image\/"},"sameAs":["https:\/\/www.facebook.com\/emaginetours\/","https:\/\/www.tiktok.com\/@emagineridesbp","https:\/\/instagram.com\/emaginerides"]}]}},"_links":{"self":[{"href":"https:\/\/emaginetours.com\/hu\/wp-json\/wp\/v2\/pages\/21403","targetHints":{"allow":["GET"]}}],"collection":[{"href":"https:\/\/emaginetours.com\/hu\/wp-json\/wp\/v2\/pages"}],"about":[{"href":"https:\/\/emaginetours.com\/hu\/wp-json\/wp\/v2\/types\/page"}],"author":[{"embeddable":true,"href":"https:\/\/emaginetours.com\/hu\/wp-json\/wp\/v2\/users\/1"}],"replies":[{"embeddable":true,"href":"https:\/\/emaginetours.com\/hu\/wp-json\/wp\/v2\/comments?post=21403"}],"version-history":[{"count":5,"href":"https:\/\/emaginetours.com\/hu\/wp-json\/wp\/v2\/pages\/21403\/revisions"}],"predecessor-version":[{"id":23148,"href":"https:\/\/emaginetours.com\/hu\/wp-json\/wp\/v2\/pages\/21403\/revisions\/23148"}],"wp:featuredmedia":[{"embeddable":true,"href":"https:\/\/emaginetours.com\/hu\/wp-json\/wp\/v2\/media\/21150"}],"wp:attachment":[{"href":"https:\/\/emaginetours.com\/hu\/wp-json\/wp\/v2\/media?parent=21403"}],"curies":[{"name":"wp","href":"https:\/\/api.w.org\/{rel}","templated":true}]}}