{"id":21402,"date":"2024-05-17T12:03:45","date_gmt":"2024-05-17T11:03:45","guid":{"rendered":"https:\/\/emaginetours.tourismmarketing.agency\/karrier\/"},"modified":"2024-07-15T15:17:50","modified_gmt":"2024-07-15T14:17:50","slug":"karrier","status":"publish","type":"page","link":"https:\/\/emaginetours.com\/hu\/karrier\/","title":{"rendered":"Karrier"},"content":{"rendered":"","protected":false},"excerpt":{"rendered":"","protected":false},"author":1,"featured_media":21060,"parent":0,"menu_order":0,"comment_status":"closed","ping_status":"closed","template":"","meta":{"inline_featured_image":false,"footnotes":""},"class_list":["post-21402","page","type-page","status-publish","has-post-thumbnail","hentry"],"yoast_head":"<!-- This site is optimized with the Yoast SEO plugin v27.2 - https:\/\/yoast.com\/product\/yoast-seo-wordpress\/ -->\n<title>E-Magine Karrier | Csatlakozz Budapest vezet\u0151 e-scooter t\u00faraszolg\u00e1ltat\u00f3j\u00e1hoz!<\/title>\n<meta name=\"description\" content=\"Tekintsd meg az E-Magine karrieroldal\u00e1t, \u00e9s b\u00f6ng\u00e9ssz nyitott poz\u00edci\u00f3ink k\u00f6z\u00f6tt. Csatlakozz a budapesti e-scooter t\u00far\u00e1k vezet\u0151 szolg\u00e1lat\u00f3j\u00e1hoz, \u00e9s tedd jobb\u00e1 a saj\u00e1t \u00e9s v\u00e1rosod j\u00f6v\u0151j\u00e9t.\" \/>\n<meta name=\"robots\" content=\"index, follow, max-snippet:-1, max-image-preview:large, max-video-preview:-1\" \/>\n<link rel=\"canonical\" href=\"https:\/\/emaginetours.com\/hu\/karrier\/\" \/>\n<meta property=\"og:locale\" content=\"hu_HU\" \/>\n<meta property=\"og:type\" content=\"article\" \/>\n<meta property=\"og:title\" content=\"E-Magine Karrier | Csatlakozz Budapest vezet\u0151 e-scooter t\u00faraszolg\u00e1ltat\u00f3j\u00e1hoz!\" \/>\n<meta property=\"og:description\" content=\"Tekintsd meg az E-Magine karrieroldal\u00e1t, \u00e9s b\u00f6ng\u00e9ssz nyitott poz\u00edci\u00f3ink k\u00f6z\u00f6tt. Csatlakozz a budapesti e-scooter t\u00far\u00e1k vezet\u0151 szolg\u00e1lat\u00f3j\u00e1hoz, \u00e9s tedd jobb\u00e1 a saj\u00e1t \u00e9s v\u00e1rosod j\u00f6v\u0151j\u00e9t.\" \/>\n<meta property=\"og:url\" content=\"https:\/\/emaginetours.com\/hu\/karrier\/\" \/>\n<meta property=\"og:site_name\" content=\"Emagine Rides Budapest\" \/>\n<meta property=\"article:publisher\" content=\"https:\/\/www.facebook.com\/emaginetours\/\" \/>\n<meta property=\"article:modified_time\" content=\"2024-07-15T14:17:50+00:00\" \/>\n<meta property=\"og:image\" content=\"https:\/\/emaginetours.com\/wp-content\/uploads\/2024\/04\/budapest-citadel-escooter-tour-05.jpeg\" \/>\n\t<meta property=\"og:image:width\" content=\"1920\" \/>\n\t<meta property=\"og:image:height\" content=\"1080\" \/>\n\t<meta property=\"og:image:type\" content=\"image\/jpeg\" \/>\n<meta name=\"twitter:card\" content=\"summary_large_image\" \/>\n<meta name=\"twitter:label1\" content=\"Becs\u00fclt olvas\u00e1si id\u0151\" \/>\n\t<meta name=\"twitter:data1\" content=\"4 perc\" \/>\n<script type=\"application\/ld+json\" class=\"yoast-schema-graph\">{\"@context\":\"https:\/\/schema.org\",\"@graph\":[{\"@type\":\"WebPage\",\"@id\":\"https:\/\/emaginetours.com\/hu\/karrier\/\",\"url\":\"https:\/\/emaginetours.com\/hu\/karrier\/\",\"name\":\"E-Magine Karrier | Csatlakozz Budapest vezet\u0151 e-scooter t\u00faraszolg\u00e1ltat\u00f3j\u00e1hoz!\",\"isPartOf\":{\"@id\":\"https:\/\/emaginetours.com\/#website\"},\"primaryImageOfPage\":{\"@id\":\"https:\/\/emaginetours.com\/hu\/karrier\/#primaryimage\"},\"image\":{\"@id\":\"https:\/\/emaginetours.com\/hu\/karrier\/#primaryimage\"},\"thumbnailUrl\":\"https:\/\/emaginetours.com\/wp-content\/uploads\/2024\/04\/budapest-citadel-escooter-tour-05.jpeg\",\"datePublished\":\"2024-05-17T11:03:45+00:00\",\"dateModified\":\"2024-07-15T14:17:50+00:00\",\"description\":\"Tekintsd meg az E-Magine karrieroldal\u00e1t, \u00e9s b\u00f6ng\u00e9ssz nyitott poz\u00edci\u00f3ink k\u00f6z\u00f6tt. Csatlakozz a budapesti e-scooter t\u00far\u00e1k vezet\u0151 szolg\u00e1lat\u00f3j\u00e1hoz, \u00e9s tedd jobb\u00e1 a saj\u00e1t \u00e9s v\u00e1rosod j\u00f6v\u0151j\u00e9t.\",\"breadcrumb\":{\"@id\":\"https:\/\/emaginetours.com\/hu\/karrier\/#breadcrumb\"},\"inLanguage\":\"hu\",\"potentialAction\":[{\"@type\":\"ReadAction\",\"target\":[\"https:\/\/emaginetours.com\/hu\/karrier\/\"]}]},{\"@type\":\"ImageObject\",\"inLanguage\":\"hu\",\"@id\":\"https:\/\/emaginetours.com\/hu\/karrier\/#primaryimage\",\"url\":\"https:\/\/emaginetours.com\/wp-content\/uploads\/2024\/04\/budapest-citadel-escooter-tour-05.jpeg\",\"contentUrl\":\"https:\/\/emaginetours.com\/wp-content\/uploads\/2024\/04\/budapest-citadel-escooter-tour-05.jpeg\",\"width\":1920,\"height\":1080,\"caption\":\"Egy k\u00e9k kab\u00e1tos n\u0151 \u00e1ll egy l\u00e9pcs\u0151n \u00fcl\u0151 csoport el\u0151tt, a h\u00e1tt\u00e9rben egy nagy szoborral, amely k\u00e9t alakot \u00e1br\u00e1zol szabadt\u00e9ri k\u00f6rnyezetben.\"},{\"@type\":\"BreadcrumbList\",\"@id\":\"https:\/\/emaginetours.com\/hu\/karrier\/#breadcrumb\",\"itemListElement\":[{\"@type\":\"ListItem\",\"position\":1,\"name\":\"Home\",\"item\":\"https:\/\/emaginetours.com\/hu\/\"},{\"@type\":\"ListItem\",\"position\":2,\"name\":\"Karrier\"}]},{\"@type\":\"WebSite\",\"@id\":\"https:\/\/emaginetours.com\/#website\",\"url\":\"https:\/\/emaginetours.com\/\",\"name\":\"Emagine Tours\",\"description\":\"E-Scooter &amp; E-Bike Tours and Rentals in Budapest\",\"publisher\":{\"@id\":\"https:\/\/emaginetours.com\/#organization\"},\"potentialAction\":[{\"@type\":\"SearchAction\",\"target\":{\"@type\":\"EntryPoint\",\"urlTemplate\":\"https:\/\/emaginetours.com\/?s={search_term_string}\"},\"query-input\":{\"@type\":\"PropertyValueSpecification\",\"valueRequired\":true,\"valueName\":\"search_term_string\"}}],\"inLanguage\":\"hu\"},{\"@type\":\"Organization\",\"@id\":\"https:\/\/emaginetours.com\/#organization\",\"name\":\"Emagine Tours\",\"url\":\"https:\/\/emaginetours.com\/\",\"logo\":{\"@type\":\"ImageObject\",\"inLanguage\":\"hu\",\"@id\":\"https:\/\/emaginetours.com\/#\/schema\/logo\/image\/\",\"url\":\"https:\/\/emaginetours.com\/wp-content\/uploads\/2024\/06\/emagine_logo_rides_horizontal.png\",\"contentUrl\":\"https:\/\/emaginetours.com\/wp-content\/uploads\/2024\/06\/emagine_logo_rides_horizontal.png\",\"width\":4096,\"height\":819,\"caption\":\"Emagine Tours\"},\"image\":{\"@id\":\"https:\/\/emaginetours.com\/#\/schema\/logo\/image\/\"},\"sameAs\":[\"https:\/\/www.facebook.com\/emaginetours\/\",\"https:\/\/www.tiktok.com\/@emagineridesbp\",\"https:\/\/instagram.com\/emaginerides\"]}]}<\/script>\n<!-- \/ Yoast SEO plugin. -->","yoast_head_json":{"title":"E-Magine Karrier | Csatlakozz Budapest vezet\u0151 e-scooter t\u00faraszolg\u00e1ltat\u00f3j\u00e1hoz!","description":"Tekintsd meg az E-Magine karrieroldal\u00e1t, \u00e9s b\u00f6ng\u00e9ssz nyitott poz\u00edci\u00f3ink k\u00f6z\u00f6tt. Csatlakozz a budapesti e-scooter t\u00far\u00e1k vezet\u0151 szolg\u00e1lat\u00f3j\u00e1hoz, \u00e9s tedd jobb\u00e1 a saj\u00e1t \u00e9s v\u00e1rosod j\u00f6v\u0151j\u00e9t.","robots":{"index":"index","follow":"follow","max-snippet":"max-snippet:-1","max-image-preview":"max-image-preview:large","max-video-preview":"max-video-preview:-1"},"canonical":"https:\/\/emaginetours.com\/hu\/karrier\/","og_locale":"hu_HU","og_type":"article","og_title":"E-Magine Karrier | Csatlakozz Budapest vezet\u0151 e-scooter t\u00faraszolg\u00e1ltat\u00f3j\u00e1hoz!","og_description":"Tekintsd meg az E-Magine karrieroldal\u00e1t, \u00e9s b\u00f6ng\u00e9ssz nyitott poz\u00edci\u00f3ink k\u00f6z\u00f6tt. Csatlakozz a budapesti e-scooter t\u00far\u00e1k vezet\u0151 szolg\u00e1lat\u00f3j\u00e1hoz, \u00e9s tedd jobb\u00e1 a saj\u00e1t \u00e9s v\u00e1rosod j\u00f6v\u0151j\u00e9t.","og_url":"https:\/\/emaginetours.com\/hu\/karrier\/","og_site_name":"Emagine Rides Budapest","article_publisher":"https:\/\/www.facebook.com\/emaginetours\/","article_modified_time":"2024-07-15T14:17:50+00:00","og_image":[{"width":1920,"height":1080,"url":"https:\/\/emaginetours.com\/wp-content\/uploads\/2024\/04\/budapest-citadel-escooter-tour-05.jpeg","type":"image\/jpeg"}],"twitter_card":"summary_large_image","twitter_misc":{"Becs\u00fclt olvas\u00e1si id\u0151":"4 perc"},"schema":{"@context":"https:\/\/schema.org","@graph":[{"@type":"WebPage","@id":"https:\/\/emaginetours.com\/hu\/karrier\/","url":"https:\/\/emaginetours.com\/hu\/karrier\/","name":"E-Magine Karrier | Csatlakozz Budapest vezet\u0151 e-scooter t\u00faraszolg\u00e1ltat\u00f3j\u00e1hoz!","isPartOf":{"@id":"https:\/\/emaginetours.com\/#website"},"primaryImageOfPage":{"@id":"https:\/\/emaginetours.com\/hu\/karrier\/#primaryimage"},"image":{"@id":"https:\/\/emaginetours.com\/hu\/karrier\/#primaryimage"},"thumbnailUrl":"https:\/\/emaginetours.com\/wp-content\/uploads\/2024\/04\/budapest-citadel-escooter-tour-05.jpeg","datePublished":"2024-05-17T11:03:45+00:00","dateModified":"2024-07-15T14:17:50+00:00","description":"Tekintsd meg az E-Magine karrieroldal\u00e1t, \u00e9s b\u00f6ng\u00e9ssz nyitott poz\u00edci\u00f3ink k\u00f6z\u00f6tt. Csatlakozz a budapesti e-scooter t\u00far\u00e1k vezet\u0151 szolg\u00e1lat\u00f3j\u00e1hoz, \u00e9s tedd jobb\u00e1 a saj\u00e1t \u00e9s v\u00e1rosod j\u00f6v\u0151j\u00e9t.","breadcrumb":{"@id":"https:\/\/emaginetours.com\/hu\/karrier\/#breadcrumb"},"inLanguage":"hu","potentialAction":[{"@type":"ReadAction","target":["https:\/\/emaginetours.com\/hu\/karrier\/"]}]},{"@type":"ImageObject","inLanguage":"hu","@id":"https:\/\/emaginetours.com\/hu\/karrier\/#primaryimage","url":"https:\/\/emaginetours.com\/wp-content\/uploads\/2024\/04\/budapest-citadel-escooter-tour-05.jpeg","contentUrl":"https:\/\/emaginetours.com\/wp-content\/uploads\/2024\/04\/budapest-citadel-escooter-tour-05.jpeg","width":1920,"height":1080,"caption":"Egy k\u00e9k kab\u00e1tos n\u0151 \u00e1ll egy l\u00e9pcs\u0151n \u00fcl\u0151 csoport el\u0151tt, a h\u00e1tt\u00e9rben egy nagy szoborral, amely k\u00e9t alakot \u00e1br\u00e1zol szabadt\u00e9ri k\u00f6rnyezetben."},{"@type":"BreadcrumbList","@id":"https:\/\/emaginetours.com\/hu\/karrier\/#breadcrumb","itemListElement":[{"@type":"ListItem","position":1,"name":"Home","item":"https:\/\/emaginetours.com\/hu\/"},{"@type":"ListItem","position":2,"name":"Karrier"}]},{"@type":"WebSite","@id":"https:\/\/emaginetours.com\/#website","url":"https:\/\/emaginetours.com\/","name":"Emagine Tours","description":"E-Scooter &amp; E-Bike Tours and Rentals in Budapest","publisher":{"@id":"https:\/\/emaginetours.com\/#organization"},"potentialAction":[{"@type":"SearchAction","target":{"@type":"EntryPoint","urlTemplate":"https:\/\/emaginetours.com\/?s={search_term_string}"},"query-input":{"@type":"PropertyValueSpecification","valueRequired":true,"valueName":"search_term_string"}}],"inLanguage":"hu"},{"@type":"Organization","@id":"https:\/\/emaginetours.com\/#organization","name":"Emagine Tours","url":"https:\/\/emaginetours.com\/","logo":{"@type":"ImageObject","inLanguage":"hu","@id":"https:\/\/emaginetours.com\/#\/schema\/logo\/image\/","url":"https:\/\/emaginetours.com\/wp-content\/uploads\/2024\/06\/emagine_logo_rides_horizontal.png","contentUrl":"https:\/\/emaginetours.com\/wp-content\/uploads\/2024\/06\/emagine_logo_rides_horizontal.png","width":4096,"height":819,"caption":"Emagine Tours"},"image":{"@id":"https:\/\/emaginetours.com\/#\/schema\/logo\/image\/"},"sameAs":["https:\/\/www.facebook.com\/emaginetours\/","https:\/\/www.tiktok.com\/@emagineridesbp","https:\/\/instagram.com\/emaginerides"]}]}},"_links":{"self":[{"href":"https:\/\/emaginetours.com\/hu\/wp-json\/wp\/v2\/pages\/21402","targetHints":{"allow":["GET"]}}],"collection":[{"href":"https:\/\/emaginetours.com\/hu\/wp-json\/wp\/v2\/pages"}],"about":[{"href":"https:\/\/emaginetours.com\/hu\/wp-json\/wp\/v2\/types\/page"}],"author":[{"embeddable":true,"href":"https:\/\/emaginetours.com\/hu\/wp-json\/wp\/v2\/users\/1"}],"replies":[{"embeddable":true,"href":"https:\/\/emaginetours.com\/hu\/wp-json\/wp\/v2\/comments?post=21402"}],"version-history":[{"count":5,"href":"https:\/\/emaginetours.com\/hu\/wp-json\/wp\/v2\/pages\/21402\/revisions"}],"predecessor-version":[{"id":22243,"href":"https:\/\/emaginetours.com\/hu\/wp-json\/wp\/v2\/pages\/21402\/revisions\/22243"}],"wp:featuredmedia":[{"embeddable":true,"href":"https:\/\/emaginetours.com\/hu\/wp-json\/wp\/v2\/media\/21060"}],"wp:attachment":[{"href":"https:\/\/emaginetours.com\/hu\/wp-json\/wp\/v2\/media?parent=21402"}],"curies":[{"name":"wp","href":"https:\/\/api.w.org\/{rel}","templated":true}]}}